{"id":4868,"date":"2021-03-17T10:10:00","date_gmt":"2021-03-17T10:10:00","guid":{"rendered":"https:\/\/www.thelogo.be\/ccv\/"},"modified":"2022-05-04T08:28:18","modified_gmt":"2022-05-04T08:28:18","slug":"ccv","status":"publish","type":"page","link":"https:\/\/www.thelogo.be\/fr\/ccv\/","title":{"rendered":"CCV"},"content":{"rendered":"\n\n\n<div class=\"row row-collapse align-middle align-center\"  id=\"row-1218520733\">\n\n\n\t<div id=\"col-896395818\" class=\"col medium-10 small-11 large-10\"  >\n\t\t\t\t<div class=\"col-inner\"  >\n\t\t\t\n\t\t\t\n\n<p>1. Domaine d\u2019application<br \/>Les conditions g\u00e9n\u00e9rales de vente d\u00e9taill\u00e9es ci-dessous r\u00e9gissent les relations contractuelles entre tout utilisateur du site (d\u00e9nomm\u00e9 \u00ab Vous \u00bb ci-apr\u00e8s) et l\u2019enseigne commerciale THELOGO.BE appartenant \u00e0 la soci\u00e9t\u00e9 SNC GO World, dont le si\u00e8ge social est situ\u00e9 \u00e0 1030 Bruxelles, Avenue des Glycines 40 et nr.de TVA BE 0807.523.416. Avant de visiter notre site il est important que vous lisiez les pr\u00e9sentes Conditions G\u00e9n\u00e9rales de Vente qui doivent \u00eatre valid\u00e9es. Elles peuvent \u00eatre modifi\u00e9es \u00e0 tout moment, mais vous en trouverez toujours la version la plus r\u00e9cente ici.<br \/>L\u2019acceptation des Conditions G\u00e9n\u00e9rales de vente cr\u00e9e un accord l\u00e9gal entre vous et THELOGO.BE d\u00e8s lors, vous vous engagez \u00e0 utiliser ce service conform\u00e9ment aux stipulations des pr\u00e9sentes Conditions. Votre utilisation du site est enti\u00e8rement conditionn\u00e9e par votre compr\u00e9hension des Conditions G\u00e9n\u00e9rales de vente.<\/p>\n<p>2. Utilisation des services<br \/>Vous veillez \u00e0 ce que les images mises en ligne respectent les lois en vigueur, notamment les dispositions p\u00e9nales sur la pornographie, la violence, la p\u00e9dophilie ainsi que les lois de propri\u00e9t\u00e9 intellectuelle. THELOGO.BE a le droit de d\u00e9noncer toute infraction \u00e0 la l\u00e9gislation p\u00e9nale.<br \/>THELOGO.BE se r\u00e9serve le droit de ne pas accepter des images ou des textes qui, bien que ne tombant pas sous le coup de la loi, ont un caract\u00e8re violent, raciste, pornographique ou p\u00e9dophile. THELOGO.BE peut \u00e9galement refuser de r\u00e9aliser des tirages \u00e0 partir de ce type d\u2019images (textes).<br \/>Vous acceptez d\u2019indemniser THELOGO.BE de tout pr\u00e9judice (y compris de toute indemnit\u00e9 qu\u2019elle pourrait avoir \u00e0 verser \u00e0 des tiers ou de tous frais ou honoraires qu\u2019elle aurait \u00e0 supporter pour assurer sa d\u00e9fense) qu\u2019elle pourrait subir du fait de la diffusion sur le site des images (ou textes) que vous lui avez communiqu\u00e9es, de toute violation des Conditions G\u00e9n\u00e9rales d\u2019Utilisation ou de toute activit\u00e9 ill\u00e9gale exerc\u00e9e \u00e0 partir de votre compte, \u00e0 raison de toute faute ou n\u00e9gligence de votre part.<br \/>Toutes les promotions, jeux et concours pr\u00e9sents sur THELOGO.BE sont soumis aux conditions \u00e9labor\u00e9es par THELOGO.BE et seront disponibles au moment o\u00f9 l\u2019action sera publi\u00e9.<\/p>\n<p>3. Propri\u00e9t\u00e9 intellectuelle<br \/>L\u2019ensemble du contenu du site THELOGO.BE (textes, images, illustrations, code informatique) est propri\u00e9t\u00e9 de THELOGO.BE. Toute reproduction partielle ou totale du contenu par quelque proc\u00e9d\u00e9 que ce soit et sur n\u2019importe quel support est interdite sans une autorisation \u00e9crite de THELOGO.BE. Les images transmises lors d\u2019une de vos commandes restent votre propri\u00e9t\u00e9. Vous d\u00e9clarez d\u00e9tenir, conform\u00e9ment aux dispositions l\u00e9gales en vigueur, tous droits de propri\u00e9t\u00e9 intellectuelle concernant les images que vous transmettez \u00e0 THELOGO.BE selon les modalit\u00e9s pr\u00e9vues par les pr\u00e9sentes Conditions d\u2019Utilisation.<br \/>Toutes les informations, les contenus, les dossiers, logiciels et mat\u00e9riels offerts par nos services sont prot\u00e9g\u00e9s par les lois belges et internationales concernant la propri\u00e9t\u00e9 intellectuelle et le copyright.<\/p>\n<p>4. Responsabilit\u00e9s<br \/>Vous reconnaissez, en tant qu\u2019utilisateur du site, vous connecter et utiliser les services offerts \u00e0 vos seuls risques. La responsabilit\u00e9 de THELOGO.BE ne sera pas recherch\u00e9e concernant les dommages directs ou indirects (pertes financi\u00e8res, de profits, perte de change) que vous pourriez subir, vous ou un tiers, pour quelque cause que ce soit du fait de votre connexion au site, de l\u2019impossibilit\u00e9 d\u2019acc\u00e9der ou de se connecter au site, ou du non-fonctionnement ou du fonctionnement du site. Sont en particulier vis\u00e9s les dommages qui peuvent na\u00eetre de contenus inexacts, d\u2019erreurs, de lenteur ou d\u2019interruption dans la transmission, de perte, de disparition ou alt\u00e9ration de donn\u00e9es, de virus, quelle qu\u2019en soit l\u2019origine, d\u2019intrusions de tiers, et plus g\u00e9n\u00e9ralement de l\u2019utilisation du site ou de l\u2019impossibilit\u00e9 de l\u2019utiliser. THELOGO.BE garantit de tout mettre en \u0153uvre pour assurer la disponibilit\u00e9 du service THELOGO.BE. Pour des raisons techniques, une interruption momentan\u00e9e des services est toutefois possible. THELOGO.BE s\u2019efforcera d\u2019informer au mieux ses clients sur la nature et la dur\u00e9e des \u00e9ventuelles interruptions, mais n\u2019encourt toutefois aucune responsabilit\u00e9 en cas d\u2019indisponibilit\u00e9 de ses services. De m\u00eame, THELOGO.BE ne peut garantir la fiabilit\u00e9 et la qualit\u00e9 du r\u00e9seau Internet hors de ses murs.<\/p>\n<p>THELOGO.BE dispose d\u2019une infrastructure de sauvegarde de donn\u00e9es (informations personnelles, images, textes\u2026) tr\u00e8s performante. Celle-ci devrait permettre, m\u00eame en cas de panne grave, de r\u00e9cup\u00e9rer l\u2019int\u00e9gralit\u00e9 des donn\u00e9es re\u00e7ues. Toutefois, THELOGO.BE n\u2019encourt aucune responsabilit\u00e9 en cas de perte de donn\u00e9es, et vous devez donc toujours garder une copie de vos fichiers. Les images trait\u00e9es sont effac\u00e9es du serveur de THELOGO.BE au plus tard 5 jours apr\u00e8s la commande. En cas de perte ou d\u2019endommagement de supports de donn\u00e9es, la responsabilit\u00e9 de THELOGO.BE se limite au remplacement du support par un produit vierge de qualit\u00e9 \u00e9quivalente. Vous \u00eates seul responsable des communications et chargements de donn\u00e9es effectu\u00e9s par vous-m\u00eame sur le site. La mention de liens vers d\u2019autres sites est faite \u00e0 titre de commodit\u00e9. THELOGO.BE ne peut en aucun cas se porter garant du contenu de ces sites, et n\u2019encourt aucune responsabilit\u00e9 au cas o\u00f9 vous auriez des griefs \u00e0 formuler \u00e0 l\u2019encontre de ces sites.<\/p>\n<p>5. Prix<br \/>Les prix de vente indiqu\u00e9s sur le site sont en Euros hors TVA, le prix avec TVA compris sera affich\u00e9 avant de confirmer votre commande.<br \/>Nous nous r\u00e9servons le droit de modifier nos prix \u00e0 tout moment, mais nous nous engageons \u00e0 appliquer les tarifs en vigueur qui vous auront \u00e9t\u00e9 indiqu\u00e9s sur le site au moment de votre commande.<\/p>\n<p>6. Livraison<br \/>La livraison est gratuite \u00e0 partir de 295\u20ac d\u2019achat.<br \/>Vos produits vous seront livr\u00e9s \u00e0 l\u2019adresse que vous nous avez indiqu\u00e9e lors de votre commande.<br \/>Le d\u00e9lai de livraison varie en fonction de la m\u00e9thode de livraison choisie.<br \/>Les commandes sont exp\u00e9di\u00e9es sur maximum 2 \u00e0 3 jours ouvrables.<br \/>Le paiement s\u2019effectue en ligne.Un e-mail vous tiendra inform\u00e9 de l\u2019\u00e9tat de votre commande.<br \/>\u00c0 la r\u00e9ception de votre colis, il vous est conseill\u00e9 v\u00e9rifier la conformit\u00e9 des produits nous informer, le cas \u00e9ch\u00e9ant.<br \/>Si les produits n\u00e9cessitent de nous \u00eatre renvoy\u00e9s, ils doivent l\u2019\u00eatre dans les sept jours ouvrables suivant la livraison \u00e0 l\u2019adresse suivante, GO World VOF, Avenue des Glycines 40, 1030 Bruxelles, Belgique. Les frais d\u2019envoi sont \u00e0 notre charge.<\/p>\n<p>7. Droit de r\u00e9tractation des objets personnalis\u00e9s<br \/>Sauf stipulation formelle contraire de notre part, toute affaire trait\u00e9e avec notre soci\u00e9t\u00e9 comporte l\u2019acceptation sans r\u00e9serve des conditions qui suivent quelles que soient les r\u00e9serves port\u00e9es sur les commandes. Il est de votre devoir de v\u00e9rifier la conformit\u00e9 des transferts lors de la pose de ceux-ci sur le textile. Aucun remboursement de v\u00eatement ne pourra \u00eatre r\u00e9clam\u00e9.<br \/>Conform\u00e9ment \u00e0 la loi \u00ab CDE Livre VI art 47 \u00e0 53 \u00bb, compte tenu du degr\u00e9 de personnalisation des produits command\u00e9s THELOGO.BE ne propose pas de clause de r\u00e9tractation \u00e0 ses clients.<br \/>Les produits personnalisables en ligne permettent en effet de faire la s\u00e9lection des photos, textes &amp; logos souhait\u00e9s et le client est seul responsable du choix effectu\u00e9 sur le site de THELOGO.BE.<\/p>\n<p>8. Paiement<br \/>Le paiement de votre commande est s\u00e9curis\u00e9 par Mollie (Bancontact,IDEAL et Virement bancaire en ligne \u2013 Sofort Banking) et\u00a0 NETOPIA (Visa, MasterCard).<br \/>Le r\u00e8glement de votre commande par carte de cr\u00e9dit est possible \u00e0 la condition d\u2019avoir obtenu pr\u00e9alablement l\u2019autorisation de d\u00e9bit de votre compte aupr\u00e8s des centres de paiement comp\u00e9tents, faute de quoi votre commande ne pourrait \u00eatre prise en compte.<br \/>Dans ce cas, le paiement en ligne par carte de cr\u00e9dit est r\u00e9alis\u00e9 via le syst\u00e8me de s\u00e9curit\u00e9 de Mollie qui permettent le cryptage de vos coordonn\u00e9es bancaires lors de leur transmission sur le r\u00e9seau.<br \/>En cas de remboursement, vous \u00eates cr\u00e9dit\u00e9 sur le compte bancaire indiqu\u00e9 par vos soins.<\/p>\n<p>9. Droit applicable \u2013 Juridiction comp\u00e9tente<br \/>Le Site a \u00e9t\u00e9 \u00e9labor\u00e9 en accord avec les lois en vigueur en Belgique.<br \/>Tout litige susceptible de s\u2019\u00e9lever entre vous et THELOGO.BE sera soumis aux juridictions comp\u00e9tentes du ressort de Tribunal de Bruxelles.<\/p>\n\n\t\t<\/div>\n\t\t\t\t\t<\/div>\n\n\t\n\n<\/div>\n\n","protected":false},"excerpt":{"rendered":"","protected":false},"author":5,"featured_media":0,"parent":0,"menu_order":0,"comment_status":"closed","ping_status":"closed","template":"","meta":{"footnotes":""},"class_list":["post-4868","page","type-page","status-publish","hentry"],"_links":{"self":[{"href":"https:\/\/www.thelogo.be\/fr\/wp-json\/wp\/v2\/pages\/4868","targetHints":{"allow":["GET"]}}],"collection":[{"href":"https:\/\/www.thelogo.be\/fr\/wp-json\/wp\/v2\/pages"}],"about":[{"href":"https:\/\/www.thelogo.be\/fr\/wp-json\/wp\/v2\/types\/page"}],"author":[{"embeddable":true,"href":"https:\/\/www.thelogo.be\/fr\/wp-json\/wp\/v2\/users\/5"}],"replies":[{"embeddable":true,"href":"https:\/\/www.thelogo.be\/fr\/wp-json\/wp\/v2\/comments?post=4868"}],"version-history":[{"count":6,"href":"https:\/\/www.thelogo.be\/fr\/wp-json\/wp\/v2\/pages\/4868\/revisions"}],"predecessor-version":[{"id":7395,"href":"https:\/\/www.thelogo.be\/fr\/wp-json\/wp\/v2\/pages\/4868\/revisions\/7395"}],"wp:attachment":[{"href":"https:\/\/www.thelogo.be\/fr\/wp-json\/wp\/v2\/media?parent=4868"}],"curies":[{"name":"wp","href":"https:\/\/api.w.org\/{rel}","templated":true}]}}