{"id":4786,"date":"2020-03-05T10:17:13","date_gmt":"2020-03-05T10:17:13","guid":{"rendered":"https:\/\/www.thelogo.be\/privacy-policy\/"},"modified":"2021-03-18T14:01:47","modified_gmt":"2021-03-18T14:01:47","slug":"privacy-policy","status":"publish","type":"page","link":"https:\/\/www.thelogo.be\/fr\/privacy-policy\/","title":{"rendered":"Politique de Confidentialit\u00e9"},"content":{"rendered":"\n<p><\/p>\n\n\n\n<div class=\"row row-collapse align-middle align-center\"  id=\"row-836008062\">\n\n\n\t<div id=\"col-426551222\" class=\"col medium-10 small-11 large-10\"  >\n\t\t\t\t<div class=\"col-inner\"  >\n\t\t\t\n\t\t\t\n\n<div class=\"edit-post-visual-editor__post-title-wrapper\">\n<div class=\"wp-block editor-post-title editor-post-title__block\">\u00a0<\/div>\n<\/div>\n<div class=\"block-editor-block-list__layout is-root-container\">\n<p id=\"block-e97744c6-8e09-48db-b786-1cead0a27a33\" class=\"block-editor-rich-text__editable block-editor-block-list__block wp-block rich-text\" tabindex=\"0\" role=\"group\" aria-multiline=\"true\" aria-label=\"Bloc paragraphe\" data-block=\"e97744c6-8e09-48db-b786-1cead0a27a33\" data-type=\"core\/paragraph\" data-title=\"Paragraphe\"><strong>D\u00c9CLARATION DE CONFIDENTIALIT\u00c9 DU THE LOGO<\/strong><\/p>\n<p id=\"block-10b7dac5-20e3-4472-9e88-5b14dfd09f3b\" class=\"block-editor-rich-text__editable block-editor-block-list__block wp-block rich-text\" tabindex=\"0\" role=\"group\" aria-multiline=\"true\" aria-label=\"Bloc paragraphe\" data-block=\"10b7dac5-20e3-4472-9e88-5b14dfd09f3b\" data-type=\"core\/paragraph\" data-title=\"Paragraphe\">THE LOGO consid\u00e8re que la protection de la vie priv\u00e9e et la protection des donn\u00e9es sont tr\u00e8s importantes. Avec cette d\u00e9claration de confidentialit\u00e9 (ci-apr\u00e8s \u00abD\u00e9claration de confidentialit\u00e9\u00bb), THE LOGO souhaite vous informer sur le traitement des donn\u00e9es personnelles. THE LOGO traitera les donn\u00e9es personnelles dans le respect de votre vie priv\u00e9e et dans le respect de la l\u00e9gislation applicable en mati\u00e8re de confidentialit\u00e9. Cette d\u00e9claration de confidentialit\u00e9 a \u00e9t\u00e9 modifi\u00e9e pour la derni\u00e8re fois le: 16\/03\/2021.<\/p>\n<p id=\"block-30456d40-b336-46ad-9a15-7d131fdd8578\" class=\"block-editor-rich-text__editable block-editor-block-list__block wp-block rich-text\" tabindex=\"0\" role=\"group\" aria-multiline=\"true\" aria-label=\"Bloc paragraphe\" data-block=\"30456d40-b336-46ad-9a15-7d131fdd8578\" data-type=\"core\/paragraph\" data-title=\"Paragraphe\"><strong>CONTENU:<\/strong><\/p>\n<p id=\"block-f26cce2f-ed65-44ac-8fa4-d3a6d267a75a\" class=\"block-editor-rich-text__editable block-editor-block-list__block wp-block rich-text\" tabindex=\"0\" role=\"group\" aria-multiline=\"true\" aria-label=\"Bloc paragraphe\" data-block=\"f26cce2f-ed65-44ac-8fa4-d3a6d267a75a\" data-type=\"core\/paragraph\" data-title=\"Paragraphe\">RESPONSABLE DU TRAITEMENT?<br data-rich-text-line-break=\"true\" \/>QUELLES DONN\u00c9ES PERSONNELLES SONT TRAIT\u00c9ES PAR THE LOGO?<br data-rich-text-line-break=\"true\" \/>AVEC QUI PARTAGEONS-NOUS VOS DONN\u00c9ES PERSONNELLES?<br data-rich-text-line-break=\"true\" \/>S\u00c9CURIT\u00c9 ET CONSERVATION DE VOS DONN\u00c9ES PERSONNELLES<br data-rich-text-line-break=\"true\" \/>VOS DONN\u00c9ES PERSONNELLES SERONT-ELLES UTILIS\u00c9ES POUR PROFILAGE AUTOMATIQUE?<br data-rich-text-line-break=\"true\" \/>QUELS SONT VOS DROITS ET COMMENT POUVEZ-VOUS LES EXERCER?<br data-rich-text-line-break=\"true\" \/>\u00c0 QUI S&rsquo;APPLIQUE CETTE D\u00c9CLARATION DE CONFIDENTIALIT\u00c9?<\/p>\n<p id=\"block-fe9c0cc4-72fd-4795-a4e4-e344c5a7c88c\" class=\"block-editor-rich-text__editable block-editor-block-list__block wp-block rich-text\" tabindex=\"0\" role=\"group\" aria-multiline=\"true\" aria-label=\"Bloc paragraphe\" data-block=\"fe9c0cc4-72fd-4795-a4e4-e344c5a7c88c\" data-type=\"core\/paragraph\" data-title=\"Paragraphe\">Cette d\u00e9claration de confidentialit\u00e9 s&rsquo;applique \u00e0 tous les prospects, clients, fournisseurs, visiteurs du site Web, visiteurs des bureaux de THE LOGO, candidats et toutes autres personnes qui ne sont pas des employ\u00e9s et dont THE LOGO traite des donn\u00e9es personnelles.<\/p>\n<p id=\"block-735767e7-712f-4a5c-a2a1-8464ad6d68fb\" class=\"block-editor-rich-text__editable block-editor-block-list__block wp-block rich-text\" tabindex=\"0\" role=\"group\" aria-multiline=\"true\" aria-label=\"Bloc paragraphe\" data-block=\"735767e7-712f-4a5c-a2a1-8464ad6d68fb\" data-type=\"core\/paragraph\" data-title=\"Paragraphe\"><strong>RESPONSABLE DU TRAITEMENT?<\/strong><\/p>\n<p id=\"block-a2ccc0fb-625e-472b-b1ef-24befdbf314a\" class=\"block-editor-rich-text__editable block-editor-block-list__block wp-block rich-text\" tabindex=\"0\" role=\"group\" aria-multiline=\"true\" aria-label=\"Bloc paragraphe\" data-block=\"a2ccc0fb-625e-472b-b1ef-24befdbf314a\" data-type=\"core\/paragraph\" data-title=\"Paragraphe\">THE LOGO agit en tant que responsable du traitement des donn\u00e9es personnelles dans le cadre de l&rsquo;administration des clients et des fournisseurs, de l&rsquo;enregistrement des visiteurs des bureaux, du traitement des candidatures.<\/p>\n<p id=\"block-5d5f9f43-aad0-41b2-8f21-f543451bd85a\" class=\"block-editor-rich-text__editable block-editor-block-list__block wp-block rich-text\" tabindex=\"0\" role=\"group\" aria-multiline=\"true\" aria-label=\"Bloc paragraphe\" data-block=\"5d5f9f43-aad0-41b2-8f21-f543451bd85a\" data-type=\"core\/paragraph\" data-title=\"Paragraphe\">Les donn\u00e9es du THE LOGO sont:<\/p>\n<p id=\"block-e24baac8-3bd8-49b9-b590-bc8c005d2b1a\" class=\"block-editor-rich-text__editable block-editor-block-list__block wp-block rich-text\" tabindex=\"0\" role=\"group\" aria-multiline=\"true\" aria-label=\"Bloc paragraphe\" data-block=\"e24baac8-3bd8-49b9-b590-bc8c005d2b1a\" data-type=\"core\/paragraph\" data-title=\"Paragraphe\">Adresse du si\u00e8ge social: Avenue des Glycines 40, 1030 Bruxelles.<\/p>\n<p id=\"block-ef9ad5b3-7039-4677-9e67-bbc50e6e5337\" class=\"block-editor-rich-text__editable block-editor-block-list__block wp-block rich-text\" tabindex=\"0\" role=\"group\" aria-multiline=\"true\" aria-label=\"Bloc paragraphe\" data-block=\"ef9ad5b3-7039-4677-9e67-bbc50e6e5337\" data-type=\"core\/paragraph\" data-title=\"Paragraphe\">Num\u00e9ro de t\u00e9l\u00e9phone: 0476.37.72.12<\/p>\n<p id=\"block-302947c5-18ca-40f5-aa36-3acace7b5acd\" class=\"block-editor-rich-text__editable block-editor-block-list__block wp-block rich-text\" tabindex=\"0\" role=\"group\" aria-multiline=\"true\" aria-label=\"Bloc paragraphe\" data-block=\"302947c5-18ca-40f5-aa36-3acace7b5acd\" data-type=\"core\/paragraph\" data-title=\"Paragraphe\">Pour les services du centre de contact, le client de THE LOGO agit en tant que contr\u00f4leur et THE LOGO agit en tant que sous-traitant. Pour ces traitements, THE LOGO s&rsquo;engage \u00e0 ne traiter les donn\u00e9es que sur instruction du responsable du traitement. Cependant, ces op\u00e9rations de traitement n&rsquo;entrent pas dans le champ d&rsquo;application de cette d\u00e9claration de confidentialit\u00e9. Si vous souhaitez exercer vos droits en tant que personne concern\u00e9e, vous devez toujours contacter le responsable du traitement.<\/p>\n<p id=\"block-ec8f2a9c-c033-42a9-bbd5-71aecc1a02f2\" class=\"block-editor-rich-text__editable block-editor-block-list__block wp-block rich-text\" tabindex=\"0\" role=\"group\" aria-multiline=\"true\" aria-label=\"Bloc paragraphe\" data-block=\"ec8f2a9c-c033-42a9-bbd5-71aecc1a02f2\" data-type=\"core\/paragraph\" data-title=\"Paragraphe\"><strong>S\u00c9CURIT\u00c9 ET CONSERVATION DE VOS DONN\u00c9ES PERSONNELLES<\/strong><\/p>\n<p id=\"block-ba46aa4b-6018-4494-85eb-e437468450d9\" class=\"block-editor-rich-text__editable block-editor-block-list__block wp-block rich-text\" tabindex=\"0\" role=\"group\" aria-multiline=\"true\" aria-label=\"Bloc paragraphe\" data-block=\"ba46aa4b-6018-4494-85eb-e437468450d9\" data-type=\"core\/paragraph\" data-title=\"Paragraphe\">THE LOGO reconna\u00eet que la s\u00e9curit\u00e9 des donn\u00e9es personnelles fait partie de la protection des donn\u00e9es. En cons\u00e9quence, THE LOGO prend les mesures techniques et organisationnelles appropri\u00e9es pour prot\u00e9ger vos donn\u00e9es personnelles contre le traitement non autoris\u00e9 ou l&rsquo;acc\u00e8s non autoris\u00e9 afin d&rsquo;\u00e9viter toute utilisation abusive. Lors de chaque transfert de donn\u00e9es personnelles \u00e0 un sous-traitant en dehors de l&rsquo;Espace \u00e9conomique europ\u00e9en (EEE), THE LOGO le fait toujours conform\u00e9ment aux conditions de la pr\u00e9sente d\u00e9claration de confidentialit\u00e9 et THE LOGO suit les lois et r\u00e9glementations applicables en mati\u00e8re de protection des donn\u00e9es pour garantir des garanties ad\u00e9quates. THE LOGO ne conservera vos donn\u00e9es personnelles que pendant la p\u00e9riode minimale n\u00e9cessaire pour atteindre les objectifs \u00e9nonc\u00e9s dans la pr\u00e9sente d\u00e9claration de confidentialit\u00e9. Sauf lors de la r\u00e9solution de litiges ou si une p\u00e9riode de conservation plus longue est requise par la loi. Les informations non personnelles peuvent \u00eatre conserv\u00e9es sans limitation dans le temps \u00e0 des fins statistiques.<\/p>\n<p id=\"block-7bfdb17d-ff87-4441-bc2a-76bb73799400\" class=\"block-editor-rich-text__editable block-editor-block-list__block wp-block rich-text\" tabindex=\"0\" role=\"group\" aria-multiline=\"true\" aria-label=\"Bloc paragraphe\" data-block=\"7bfdb17d-ff87-4441-bc2a-76bb73799400\" data-type=\"core\/paragraph\" data-title=\"Paragraphe\"><strong>QUELS SONT VOS DROITS ET COMMENT POUVEZ-VOUS LES EXERCER?<\/strong><\/p>\n<p id=\"block-a4ab5374-a18c-426f-b703-45f017454195\" class=\"block-editor-rich-text__editable block-editor-block-list__block wp-block rich-text\" tabindex=\"0\" role=\"group\" aria-multiline=\"true\" aria-label=\"Bloc paragraphe\" data-block=\"a4ab5374-a18c-426f-b703-45f017454195\" data-type=\"core\/paragraph\" data-title=\"Paragraphe\"><strong>QUELS SONT VOS DROITS?<\/strong><\/p>\n<p id=\"block-2200858a-84e9-4d02-aa55-54f6e4a4cf67\" class=\"block-editor-rich-text__editable block-editor-block-list__block wp-block rich-text\" tabindex=\"0\" role=\"group\" aria-multiline=\"true\" aria-label=\"Bloc paragraphe\" data-block=\"2200858a-84e9-4d02-aa55-54f6e4a4cf67\" data-type=\"core\/paragraph\" data-title=\"Paragraphe\">Droit d&rsquo;acc\u00e8s: Vous pouvez nous demander quelles donn\u00e9es personnelles nous traitons, pour quoi nous les traitons, quelles cat\u00e9gories de donn\u00e9es personnelles nous traitons, avec quelles cat\u00e9gories de tiers nous partageons vos donn\u00e9es personnelles, quelle est l&rsquo;origine des donn\u00e9es trait\u00e9es est et &#8211; lors de l&rsquo;application &#8211; quelle logique nous utilisons lors du traitement automatique des donn\u00e9es personnelles.<\/p>\n<p id=\"block-f9e521f4-7e81-4ad2-b433-463cd0d03a50\" class=\"block-editor-rich-text__editable block-editor-block-list__block wp-block rich-text\" tabindex=\"0\" role=\"group\" aria-multiline=\"true\" aria-label=\"Bloc paragraphe\" data-block=\"f9e521f4-7e81-4ad2-b433-463cd0d03a50\" data-type=\"core\/paragraph\" data-title=\"Paragraphe\">Droit de rectification: si les informations sont incorrectes, vous pouvez nous demander de les corriger<\/p>\n<p id=\"block-ed2f7f77-32de-4d00-acf4-dc1f761f8648\" class=\"block-editor-rich-text__editable block-editor-block-list__block wp-block rich-text\" tabindex=\"0\" role=\"group\" aria-multiline=\"true\" aria-label=\"Bloc paragraphe\" data-block=\"ed2f7f77-32de-4d00-acf4-dc1f761f8648\" data-type=\"core\/paragraph\" data-title=\"Paragraphe\">Droit de supprimer vos donn\u00e9es: si les donn\u00e9es ne sont pas trait\u00e9es l\u00e9galement ou si vos donn\u00e9es ne sont plus n\u00e9cessaires aux fins pour lesquelles elles ont \u00e9t\u00e9 collect\u00e9es, vous pouvez nous demander de supprimer vos donn\u00e9es<\/p>\n<p id=\"block-de9fa012-35b3-49bc-96b3-21b3b06e41dd\" class=\"block-editor-rich-text__editable block-editor-block-list__block wp-block rich-text\" tabindex=\"0\" role=\"group\" aria-multiline=\"true\" aria-label=\"Bloc paragraphe\" data-block=\"de9fa012-35b3-49bc-96b3-21b3b06e41dd\" data-type=\"core\/paragraph\" data-title=\"Paragraphe\">Droit \u00e0 la limitation du traitement: en limitant le traitement de vos donn\u00e9es personnelles, vos donn\u00e9es personnelles peuvent toujours \u00eatre conserv\u00e9es, mais leur utilisation est limit\u00e9e. Si vous avez demand\u00e9 une restriction de traitement, nous pouvons uniquement stocker vos donn\u00e9es. Cela signifie qu&rsquo;aucune autre transaction ne peut \u00eatre effectu\u00e9e avec vos donn\u00e9es.<\/p>\n<p id=\"block-9a728d79-ae7a-4782-bc30-bc641b1afe15\" class=\"block-editor-rich-text__editable block-editor-block-list__block wp-block rich-text\" tabindex=\"0\" role=\"group\" aria-multiline=\"true\" aria-label=\"Bloc paragraphe\" data-block=\"9a728d79-ae7a-4782-bc30-bc641b1afe15\" data-type=\"core\/paragraph\" data-title=\"Paragraphe\">Droit d&rsquo;opposition: Vous avez le droit de vous opposer au fait que vos donn\u00e9es soient trait\u00e9es si ce traitement est bas\u00e9 sur un int\u00e9r\u00eat public ou l&rsquo;int\u00e9r\u00eat l\u00e9gitime de la personne qui traite vos donn\u00e9es. En outre, vous pouvez \u00e9galement exercer ce droit d&rsquo;opposition si vos donn\u00e9es personnelles sont trait\u00e9es \u00e0 des fins de marketing direct. Ce droit d&rsquo;opposition s&rsquo;applique \u00e9galement au profilage qui constitue la base du traitement \u00e0 des fins de marketing direct.<\/p>\n<p id=\"block-708c7e12-dbb6-43f8-8807-8b1b0c01cf44\" class=\"block-editor-rich-text__editable block-editor-block-list__block wp-block rich-text\" tabindex=\"0\" role=\"group\" aria-multiline=\"true\" aria-label=\"Bloc paragraphe\" data-block=\"708c7e12-dbb6-43f8-8807-8b1b0c01cf44\" data-type=\"core\/paragraph\" data-title=\"Paragraphe\">Droit \u00e0 la portabilit\u00e9 des donn\u00e9es: vous avez le droit d&rsquo;obtenir les donn\u00e9es personnelles que vous avez fournies sous une forme couramment utilis\u00e9e, structur\u00e9e et lisible par machine et vous avez le droit de transf\u00e9rer ces donn\u00e9es personnelles \u00e0 un autre responsable du traitement lorsque le traitement est bas\u00e9 sur la motifs de consentement ou de relation contractuelle.<\/p>\n<p id=\"block-a8162d77-e691-4bb6-ae4a-26f5dd6b70d1\" class=\"block-editor-rich-text__editable block-editor-block-list__block wp-block rich-text\" tabindex=\"0\" role=\"group\" aria-multiline=\"true\" aria-label=\"Bloc paragraphe\" data-block=\"a8162d77-e691-4bb6-ae4a-26f5dd6b70d1\" data-type=\"core\/paragraph\" data-title=\"Paragraphe\"><strong>COMMENT EXERCER VOS DROITS?<\/strong><\/p>\n<p id=\"block-2586e3dc-7ff4-4e97-b8f9-d93780076c7b\" class=\"block-editor-rich-text__editable block-editor-block-list__block wp-block rich-text\" tabindex=\"0\" role=\"group\" aria-multiline=\"true\" aria-label=\"Bloc paragraphe\" data-block=\"2586e3dc-7ff4-4e97-b8f9-d93780076c7b\" data-type=\"core\/paragraph\" data-title=\"Paragraphe\">Vous pouvez exercer vos droits en envoyant un e-mail \u00e0 info@thelogo.be. Pour \u00e9viter toute divulgation non autoris\u00e9e de vos donn\u00e9es personnelles, THE LOGO peut demander plus d&rsquo;informations pour v\u00e9rifier votre identit\u00e9. THE LOGO a un mois pour r\u00e9pondre \u00e0 votre demande. Cette p\u00e9riode commence lorsque THE LOGO a re\u00e7u votre candidature et dispose de toutes les informations n\u00e9cessaires pour r\u00e9pondre \u00e0 votre candidature. THE LOGO fournira gratuitement les informations demand\u00e9es. Lorsque les demandes sont infond\u00e9es ou excessives, notamment en raison de leur caract\u00e8re r\u00e9p\u00e9titif, THE LOGO peut facturer des frais raisonnables ou THE LOGO peut refuser la demande. Si pour une raison quelconque vous pensez que THE LOGO n&rsquo;a pas trait\u00e9 correctement votre demande, vous pouvez contacter le d\u00e9l\u00e9gu\u00e9 \u00e0 la protection des donn\u00e9es de THE LOGO via info@thelogo.be, apr\u00e8s quoi il recherchera une solution avec vous. Dans un souci d&rsquo;exhaustivit\u00e9, nous vous informons que si THE LOGO ne r\u00e9pond pas \u00e0 votre demande, la refuse ou si notre r\u00e9ponse ne r\u00e9pond pas \u00e0 vos attentes, vous avez toujours le droit de d\u00e9poser une plainte aupr\u00e8s de la Commission pour la protection de la vie priv\u00e9e ( Privacy Commission), Drukpersstraat 35, 1000 Bruxelles ou via commission@privacycommission.be.<\/p>\n<\/div>\n\n\t\t<\/div>\n\t\t\t\t\t<\/div>\n\n\t\n\n<\/div>\n\n","protected":false},"excerpt":{"rendered":"","protected":false},"author":5,"featured_media":0,"parent":0,"menu_order":0,"comment_status":"closed","ping_status":"open","template":"","meta":{"footnotes":""},"class_list":["post-4786","page","type-page","status-publish","hentry"],"_links":{"self":[{"href":"https:\/\/www.thelogo.be\/fr\/wp-json\/wp\/v2\/pages\/4786","targetHints":{"allow":["GET"]}}],"collection":[{"href":"https:\/\/www.thelogo.be\/fr\/wp-json\/wp\/v2\/pages"}],"about":[{"href":"https:\/\/www.thelogo.be\/fr\/wp-json\/wp\/v2\/types\/page"}],"author":[{"embeddable":true,"href":"https:\/\/www.thelogo.be\/fr\/wp-json\/wp\/v2\/users\/5"}],"replies":[{"embeddable":true,"href":"https:\/\/www.thelogo.be\/fr\/wp-json\/wp\/v2\/comments?post=4786"}],"version-history":[{"count":11,"href":"https:\/\/www.thelogo.be\/fr\/wp-json\/wp\/v2\/pages\/4786\/revisions"}],"predecessor-version":[{"id":4895,"href":"https:\/\/www.thelogo.be\/fr\/wp-json\/wp\/v2\/pages\/4786\/revisions\/4895"}],"wp:attachment":[{"href":"https:\/\/www.thelogo.be\/fr\/wp-json\/wp\/v2\/media?parent=4786"}],"curies":[{"name":"wp","href":"https:\/\/api.w.org\/{rel}","templated":true}]}}