{"id":3984,"date":"2021-01-31T12:48:41","date_gmt":"2021-01-31T12:48:41","guid":{"rendered":"https:\/\/www.thelogo.be\/faq\/"},"modified":"2025-01-30T11:44:19","modified_gmt":"2025-01-30T11:44:19","slug":"faq","status":"publish","type":"page","link":"https:\/\/www.thelogo.be\/fr\/faq\/","title":{"rendered":"FAQ"},"content":{"rendered":"\n<p><\/p>\n\n\n\n  <div id=\"page-header-1580272333\" class=\"page-header-wrapper\">\n  <div class=\"page-title light simple-title\">\n\n    \n    <div class=\"page-title-inner container align-center text-center flex-row-col medium-flex-wrap\" >\n            <div class=\"title-content flex-col\">\n        <div class=\"title-breadcrumbs pb-half pt-half\"><\/div>      <\/div>\n    <\/div>\n\n     \n<style>\n#page-header-1580272333 .page-title-inner {\n  min-height: 0px;\n}\n<\/style>\n  <\/div>\n    <\/div>\n  \n\n<div class=\"row row-collapse align-middle align-center\"  id=\"row-2144796840\">\n\n\n\t<div id=\"col-775723916\" class=\"col medium-8 small-12 large-8\"  >\n\t\t\t\t<div class=\"col-inner text-left\"  >\n\t\t\t\n\t\t\t\n\n<div class=\"accordion\">\n\n\t<div id=\"accordion-3010804990\" class=\"accordion-item\">\n\t\t<a id=\"accordion-3010804990-label\" class=\"accordion-title plain\" href=\"#accordion-item-m\u00e9thode-d&#039;impression\" aria-expanded=\"false\" aria-controls=\"accordion-3010804990-content\">\n\t\t\t<button class=\"toggle\" aria-label=\"Basculer\"><i class=\"icon-angle-down\" aria-hidden=\"true\"><\/i><\/button>\n\t\t\t<span>M\u00e9thode d'impression<\/span>\n\t\t<\/a>\n\t\t<div id=\"accordion-3010804990-content\" class=\"accordion-inner\" aria-labelledby=\"accordion-3010804990-label\">\n\t\t\t\n\n<p>Nous utilisons la technologie jet d&rsquo;encre DTF, nous imprimons directement sur le film en quadrichromie avec des encres pigment\u00e9es \u00e0 base d&rsquo;eau.<\/p>\n\n\t\t<\/div>\n\t<\/div>\n\t\n\t<div id=\"accordion-3683391449\" class=\"accordion-item\">\n\t\t<a id=\"accordion-3683391449-label\" class=\"accordion-title plain\" href=\"#accordion-item-quel-genre-d&#039;images-pouvons-nous-imprimer\" aria-expanded=\"false\" aria-controls=\"accordion-3683391449-content\">\n\t\t\t<button class=\"toggle\" aria-label=\"Basculer\"><i class=\"icon-angle-down\" aria-hidden=\"true\"><\/i><\/button>\n\t\t\t<span>Quel genre d'images pouvons-nous imprimer<\/span>\n\t\t<\/a>\n\t\t<div id=\"accordion-3683391449-content\" class=\"accordion-inner\" aria-labelledby=\"accordion-3683391449-label\">\n\t\t\t\n\n<p>Nous pouvons imprimer un nombre infinie de d\u00e9tails et de couleurs ainsi que des d\u00e9grad\u00e9s.<br \/>\nToutes les images sont possibles \u00e0 r\u00e9aliser.<br \/>\nNos transferts \u00e9tant imprim\u00e9s en quadrichromie. Comme les couleurs ne sont pas obtenues \u00e0 l&rsquo;aide d&rsquo;encres s\u00e9rigraphiques il est donc impossible d&rsquo;obtenir le code PMS.<\/p>\n\n\t\t<\/div>\n\t<\/div>\n\t\n\t<div id=\"accordion-2025638092\" class=\"accordion-item\">\n\t\t<a id=\"accordion-2025638092-label\" class=\"accordion-title plain\" href=\"#accordion-item-puis-je-placer-diff\u00e9rents-logos-sur-la-m\u00eame-feuille\" aria-expanded=\"false\" aria-controls=\"accordion-2025638092-content\">\n\t\t\t<button class=\"toggle\" aria-label=\"Basculer\"><i class=\"icon-angle-down\" aria-hidden=\"true\"><\/i><\/button>\n\t\t\t<span>Puis-je placer diff\u00e9rents logos sur la m\u00eame feuille<\/span>\n\t\t<\/a>\n\t\t<div id=\"accordion-2025638092-content\" class=\"accordion-inner\" aria-labelledby=\"accordion-2025638092-label\">\n\t\t\t\n\n<p>Oui, vous pouvez placer diff\u00e9rents logos de tailles diff\u00e9rentes sur la m\u00eame feuille tant que le gabarit d&rsquo;impression n&rsquo;est pas d\u00e9pass\u00e9e.<br \/>Le gabarit d&rsquo;impression <strong>par m<\/strong> c&rsquo;est max <strong> 58*100cm<\/strong> en 300dpi, <a href=\"https:\/\/www.thelogo.be\/wp-content\/uploads\/2021\/03\/Template-58-x-100cm.rar\"><span style=\"color: #0000ff;\">t\u00e9l\u00e9charger gabarit ici<\/span><\/a>.<\/p>\n\n\t\t<\/div>\n\t<\/div>\n\t\n\t<div id=\"accordion-404180457\" class=\"accordion-item\">\n\t\t<a id=\"accordion-404180457-label\" class=\"accordion-title plain\" href=\"#accordion-item-quel-type-de-fichiers-nous-acceptons\" aria-expanded=\"false\" aria-controls=\"accordion-404180457-content\">\n\t\t\t<button class=\"toggle\" aria-label=\"Basculer\"><i class=\"icon-angle-down\" aria-hidden=\"true\"><\/i><\/button>\n\t\t\t<span>Quel type de fichiers nous acceptons<\/span>\n\t\t<\/a>\n\t\t<div id=\"accordion-404180457-content\" class=\"accordion-inner\" aria-labelledby=\"accordion-404180457-label\">\n\t\t\t\n\n<p>Types de fichiers accept\u00e9s: <strong>PNG, PDF, SVG, AI, EPS, CDR, PSD.<\/strong><br \/>\nPour les fichiers PNG, vous devez d&rsquo;abord supprimer l&rsquo;arri\u00e8re-plan et cr\u00e9er des contours fermes sans ombres ou \u00e9clats.<br \/>\nPour les fichiers vectoriels, assurez-vous de d\u00e9finir toutes les polices et de convertir les traits en objets.<\/p>\n\n\t\t<\/div>\n\t<\/div>\n\t\n\t<div id=\"accordion-777701911\" class=\"accordion-item\">\n\t\t<a id=\"accordion-777701911-label\" class=\"accordion-title plain\" href=\"#accordion-item-les-\u00e9quipes-logo-retouchent-elles-les-fichiers?\" aria-expanded=\"false\" aria-controls=\"accordion-777701911-content\">\n\t\t\t<button class=\"toggle\" aria-label=\"Basculer\"><i class=\"icon-angle-down\" aria-hidden=\"true\"><\/i><\/button>\n\t\t\t<span>Les \u00e9quipes Logo retouchent-elles les fichiers?<\/span>\n\t\t<\/a>\n\t\t<div id=\"accordion-777701911-content\" class=\"accordion-inner\" aria-labelledby=\"accordion-777701911-label\">\n\t\t\t\n\n<p>Non, nous ne retouchons pas vos fichiers<\/p>\n\n\t\t<\/div>\n\t<\/div>\n\t\n\t<div id=\"accordion-1435286761\" class=\"accordion-item\">\n\t\t<a id=\"accordion-1435286761-label\" class=\"accordion-title plain\" href=\"#accordion-item-les-transferts-ne-conviennent-que-pour-le-coton?\" aria-expanded=\"false\" aria-controls=\"accordion-1435286761-content\">\n\t\t\t<button class=\"toggle\" aria-label=\"Basculer\"><i class=\"icon-angle-down\" aria-hidden=\"true\"><\/i><\/button>\n\t\t\t<span>Les transferts ne conviennent que pour le coton?<\/span>\n\t\t<\/a>\n\t\t<div id=\"accordion-1435286761-content\" class=\"accordion-inner\" aria-labelledby=\"accordion-1435286761-label\">\n\t\t\t\n\n<p>Nos transferts conviennent \u00e0 tout type de tissu comme: coton, polyester, tissus m\u00e9lang\u00e9s, nylon, cuir, viscose etc.<br \/>\nVeuillez noter que pour chaque tissu, vous avez une temp\u00e9rature d&rsquo;application et un temps de pressage diff\u00e9rents.<\/p>\n\n\t\t<\/div>\n\t<\/div>\n\t\n\t<div id=\"accordion-3580425260\" class=\"accordion-item\">\n\t\t<a id=\"accordion-3580425260-label\" class=\"accordion-title plain\" href=\"#accordion-item-instructions-de-pose\" aria-expanded=\"false\" aria-controls=\"accordion-3580425260-content\">\n\t\t\t<button class=\"toggle\" aria-label=\"Basculer\"><i class=\"icon-angle-down\" aria-hidden=\"true\"><\/i><\/button>\n\t\t\t<span>Instructions de pose<\/span>\n\t\t<\/a>\n\t\t<div id=\"accordion-3580425260-content\" class=\"accordion-inner\" aria-labelledby=\"accordion-3580425260-label\">\n\t\t\t\n\n<p><span style=\"text-decoration: underline; font-size: 110%;\"><strong>Instructions g\u00e9n\u00e9rales de pose \u00e0 appliquer pour tous les v\u00eatements:<\/strong><\/span><\/p>\n<p><strong>Pression de la presse:<\/strong> medium =&gt; fort, similaire au transfert flex ou digital.<\/p>\n<p><strong>Pelage \u00e0 froid:<\/strong> l&rsquo;impression doit \u00eatre vraiment froide avant de peler.<\/p>\n<p><strong>Impression en masse:<\/strong> si vous imprimez en vrac et que vous mettez les v\u00eatements les uns sur les autres, assurez-vous qu&rsquo;ils sont froids avant de d\u00e9coller le film.<\/p>\n<p><strong>Fixation<\/strong>: placez une feuille de t\u00e9flon ou du papier parchemin sur le transfert et pressez de nouveau 5-6 sec. De cette fa\u00e7on vous fixez mieux le transfert sur le v\u00eatement et vous \u00e9liminez l&rsquo;exc\u00e8s de poudre.<\/p>\n<p><strong>Coton 100%<\/strong><br \/>Temp\u00e9rature de la presse: 150-155\u00b0C<br \/>Temps: 15sec<br \/>Pelage \u00e0 froid: le textile doit etre bien froid avant de peller<br \/>Fixation apr\u00e8s pelage : 5-6 sec<\/p>\n<p><strong>Coton\/Polyester 50-50%<\/strong><br \/>Temp\u00e9rature de la presse: 140-145\u00b0C<br \/>Temps: 10-12sec<br \/>Pelage \u00e0 froid: le textile doit etre bien froid avant de peller<br \/>Fixation apr\u00e8s pelage : 5-6 sec<\/p>\n<p><strong>Coton\/Polyester 70-30%<\/strong><br \/>Temp\u00e9rature de la presse: 150-155\u00b0C<br \/>Temps: 15sec<br \/>Pelage \u00e0 froid: le textile doit etre bien froid avant de peller<br \/>Fixation apr\u00e8s pelage : 5-6 sec<\/p>\n<p><strong>Coton\/Polyester 80-20%<\/strong><br \/>Temp\u00e9rature de la presse: 155\u00b0C<br \/>Temps: 15sec<br \/>Pelage \u00e0 froid: le textile doit etre bien froid avant de peller<br \/>Fixation apr\u00e8s pelage : 5-6 sec<\/p>\n<p><strong>Polyester 100%<\/strong><br \/>Temp\u00e9rature de la presse: 130-135\u00b0C<br \/>Temps: 10-11sec<br \/>Pelage \u00e0 froid: le textile doit etre bien froid avant de peller<br \/>Fixation apr\u00e8s pelage : 3-4 sec<\/p>\n<p><strong>Softshell\/Nylon<\/strong><br \/>Temp\u00e9rature de la presse: 130-135\u00b0C<br \/>Temps: 10-11sec<br \/>Pelage \u00e0 froid: le textile doit etre bien froid avant de peller<br \/>Fixation apr\u00e8s pelage : 3-4 sec<\/p>\n\n\t\t<\/div>\n\t<\/div>\n\t\n\t<div id=\"accordion-3904647043\" class=\"accordion-item\">\n\t\t<a id=\"accordion-3904647043-label\" class=\"accordion-title plain\" href=\"#accordion-item-instructions-de-lavage\" aria-expanded=\"false\" aria-controls=\"accordion-3904647043-content\">\n\t\t\t<button class=\"toggle\" aria-label=\"Basculer\"><i class=\"icon-angle-down\" aria-hidden=\"true\"><\/i><\/button>\n\t\t\t<span>Instructions de lavage<\/span>\n\t\t<\/a>\n\t\t<div id=\"accordion-3904647043-content\" class=\"accordion-inner\" aria-labelledby=\"accordion-3904647043-label\">\n\t\t\t\n\n<p>Nous recommandons de laver les v\u00eatements \u00e0&nbsp; max 40\u00b0C, \u00e0&nbsp; l\u2019envers et d\u2019\u00e9viter le s\u00e8che-linge.<br \/>\nApr\u00e8s avoir lav\u00e9 un t-shirt 60 fois \u00e0 30\u00b0C nous n\u2019avons remarqu\u00e9&nbsp; aucun changement.<\/p>\n\n\t\t<\/div>\n\t<\/div>\n\t\n\n<\/div>\n\n\t\t<\/div>\n\t\t\t\t\t<\/div>\n\n\t\n\n<\/div>\n\n","protected":false},"excerpt":{"rendered":"","protected":false},"author":5,"featured_media":0,"parent":0,"menu_order":0,"comment_status":"closed","ping_status":"closed","template":"","meta":{"footnotes":""},"class_list":["post-3984","page","type-page","status-publish","hentry"],"_links":{"self":[{"href":"https:\/\/www.thelogo.be\/fr\/wp-json\/wp\/v2\/pages\/3984","targetHints":{"allow":["GET"]}}],"collection":[{"href":"https:\/\/www.thelogo.be\/fr\/wp-json\/wp\/v2\/pages"}],"about":[{"href":"https:\/\/www.thelogo.be\/fr\/wp-json\/wp\/v2\/types\/page"}],"author":[{"embeddable":true,"href":"https:\/\/www.thelogo.be\/fr\/wp-json\/wp\/v2\/users\/5"}],"replies":[{"embeddable":true,"href":"https:\/\/www.thelogo.be\/fr\/wp-json\/wp\/v2\/comments?post=3984"}],"version-history":[{"count":184,"href":"https:\/\/www.thelogo.be\/fr\/wp-json\/wp\/v2\/pages\/3984\/revisions"}],"predecessor-version":[{"id":13559,"href":"https:\/\/www.thelogo.be\/fr\/wp-json\/wp\/v2\/pages\/3984\/revisions\/13559"}],"wp:attachment":[{"href":"https:\/\/www.thelogo.be\/fr\/wp-json\/wp\/v2\/media?parent=3984"}],"curies":[{"name":"wp","href":"https:\/\/api.w.org\/{rel}","templated":true}]}}