{"id":1910,"date":"2013-08-06T20:13:19","date_gmt":"2013-08-06T20:13:19","guid":{"rendered":"https:\/\/www.thelogo.be\/classic-shop\/"},"modified":"2026-04-13T12:18:18","modified_gmt":"2026-04-13T12:18:18","slug":"classic-shop","status":"publish","type":"page","link":"https:\/\/www.thelogo.be\/fr\/","title":{"rendered":"THE LOGO"},"content":{"rendered":"\n\t<div id=\"gap-1113306771\" class=\"gap-element clearfix hidden\" style=\"display:block; height:auto;\">\n\t\t\n<style>\n#gap-1113306771 {\n  padding-top: 30px;\n}\n<\/style>\n\t<\/div>\n\t\n\n\t<div id=\"text-1043245874\" class=\"text hidden\">\n\t\t\n\n<p><strong><strong><span style=\"font-size: 145%;\"><span style=\"color: #ed1c24;\">Nous serons ferm\u00e9s du 3 au 7 avril.<\/span><\/span><\/strong><\/strong><\/p>\n\t\t\n<style>\n#text-1043245874 {\n  text-align: center;\n}\n<\/style>\n\t<\/div>\n\t\n\t<div id=\"text-3095881899\" class=\"text hidden\">\n\t\t\n\n<p><strong><span style=\"font-size: 145%;\"><span style=\"color: #ed1c24;\">Nous sommes ferm\u00e9s les 2 et 3 d\u00e9cembre 2024.<br \/><\/span><\/span><\/strong><\/p>\n\t\t\n<style>\n#text-3095881899 {\n  text-align: center;\n}\n<\/style>\n\t<\/div>\n\t\n\t<div id=\"gap-223231996\" class=\"gap-element clearfix hidden\" style=\"display:block; height:auto;\">\n\t\t\n<style>\n#gap-223231996 {\n  padding-top: 30px;\n}\n<\/style>\n\t<\/div>\n\t\n\n\n  <div class=\"banner has-hover has-video\" id=\"banner-323409216\">\n          <div class=\"banner-inner fill\">\n        <div class=\"banner-bg fill\" >\n                        \t<div class=\"video-overlay no-click fill visible\"><\/div>\n\t<video class=\"video-bg fill visible\" preload playsinline autoplay muted loop>\n\t\t<source src=\"https:\/\/www.thelogo.be\/wp-content\/uploads\/2021\/04\/dtf-transfer-full-color-1.mp4\" type=\"video\/mp4\">\t<\/video>\n            <div class=\"overlay\"><\/div>            \n                    <\/div>\n\t\t\n        <div class=\"banner-layers container\">\n            <div class=\"fill banner-link\"><\/div>            \n\n   <div id=\"text-box-356122642\" class=\"text-box banner-layer x50 md-x50 lg-x50 y20 md-y20 lg-y20 res-text\">\n                                <div class=\"text-box-content text dark\">\n              \n              <div class=\"text-inner text-center\">\n                  \n\n\t<div id=\"text-3427377091\" class=\"text\">\n\t\t\n\n<h1>TRANSFERTS\u00a0 DTF<\/h1>\n\t\t\n<style>\n#text-3427377091 {\n  font-size: 1rem;\n  line-height: 2;\n  text-align: center;\n}\n@media (min-width:550px) {\n  #text-3427377091 {\n    font-size: 1.25rem;\n  }\n}\n<\/style>\n\t<\/div>\n\t\n\n              <\/div>\n           <\/div>\n                            \n<style>\n#text-box-356122642 {\n  width: 100%;\n}\n#text-box-356122642 .text-box-content {\n  font-size: 100%;\n}\n@media (min-width:550px) {\n  #text-box-356122642 {\n    width: 92%;\n  }\n}\n<\/style>\n    <\/div>\n \n\n        <\/div>\n      <\/div>\n\n            \n<style>\n#banner-323409216 {\n  padding-top: 450px;\n}\n#banner-323409216 .overlay {\n  background-color: rgba(0, 0, 0, 0.593);\n}\n<\/style>\n  <\/div>\n\n\n\n\t<section class=\"section\" id=\"section_1499550407\">\n\t\t<div class=\"section-bg fill\" >\n\t\t\t\t\t\t\t\t\t\n\t\t\t\n\n\t\t<\/div>\n\n\t\t\n\n\t\t<div class=\"section-content relative\">\n\t\t\t\n\n<div class=\"row\"  id=\"row-639299783\">\n\n\n\t<div id=\"col-1809628291\" class=\"col small-12 large-12\"  >\n\t\t\t\t<div class=\"col-inner\"  >\n\t\t\t\n\t\t\t\n\n<div class=\"row row-small align-center row-box-shadow-1 row-box-shadow-4-hover\"  id=\"row-1962570250\">\n\n\n\t<div id=\"col-631820830\" class=\"col medium-6 small-12 large-6\"  >\n\t\t\t\t<div class=\"col-inner text-center\"  >\n\t\t\t\n\t\t\t\n\n\n\t\t<div class=\"icon-box featured-box icon-box-center text-center\"  >\n\t\t\t\t<div class=\"icon-box-text last-reset\">\n\t\t\t\t\t\t\t\t\t\n\n<h1 class=\"lead\"><span style=\"font-size: 150%; color: #000000;\"><strong>M\u00e8tre lin\u00e9aire <span style=\"color: #0000ff;\">Quadri<\/span><\/strong><\/span><\/h1>\n<p><span style=\"color: #000000;\">Votre fichier peut contenir un m\u00e9lange de logos en quadri.Le fichier d\u2019impression ne peut pas d\u00e9passer  <strong>58cm<\/strong> de large x <strong>200cm<\/strong> de long \u00e0 <strong>300 dpi<\/strong>. <span style=\"color: #3366ff;\"><a style=\"color: #3366ff;\" href=\"https:\/\/www.thelogo.be\/wp-content\/uploads\/2021\/03\/Template-58-x-100cm.rar\">MOD\u00c8LE ICI<\/a>.<\/span><\/span><\/p>\n\t<div id=\"gap-1690483783\" class=\"gap-element clearfix\" style=\"display:block; height:auto;\">\n\t\t\n<style>\n#gap-1690483783 {\n  padding-top: 15px;\n}\n<\/style>\n\t<\/div>\n\t\n\n<a href=\"https:\/\/www.thelogo.be\/fr\/produit\/transfert-dtf-par-1m\/\" class=\"button success\" style=\"border-radius:6px;\">\n\t\t<span>COMMANDER<\/span>\n\t<\/a>\n\n\n\n\t\t<\/div>\n\t<\/div>\n\t\n\t\n\n\t\t<\/div>\n\t\t\t\t\t<\/div>\n\n\t\n\n\t<div id=\"col-1153772204\" class=\"col medium-6 small-12 large-6\"  >\n\t\t\t\t<div class=\"col-inner text-center\"  >\n\t\t\t\n\t\t\t\n\n\n\t\t<div class=\"icon-box featured-box icon-box-center text-center\"  >\n\t\t\t\t<div class=\"icon-box-text last-reset\">\n\t\t\t\t\t\t\t\t\t\n\n<h1 class=\"lead\"><span style=\"font-size: 150%; color: #000000;\"><strong>M\u00e8tre lin\u00e9aire <span style=\"color: #ed1c24;\">Blanc<\/span><\/strong><\/span><\/h1>\n<p><span style=\"color: #000000;\">Votre fichier peut contenir un m\u00e9lange de logos en blanc.Le fichier d\u2019impression ne peut pas d\u00e9passer  <strong>58cm<\/strong> de large x <strong>200cm<\/strong> de long \u00e0 <strong>300 dpi<\/strong>. <span style=\"color: #3366ff;\"><a style=\"color: #3366ff;\" href=\"https:\/\/www.thelogo.be\/wp-content\/uploads\/2021\/03\/Template-58-x-100cm.rar\">MOD\u00c8LE ICI<\/a>.<\/span><\/span><\/p>\n\t<div id=\"gap-1394109584\" class=\"gap-element clearfix\" style=\"display:block; height:auto;\">\n\t\t\n<style>\n#gap-1394109584 {\n  padding-top: 15px;\n}\n<\/style>\n\t<\/div>\n\t\n\n<a href=\"https:\/\/www.thelogo.be\/fr\/produit\/transfert-dtf-par-metre-lineaire-blanc\/\" class=\"button success\" style=\"border-radius:6px;\">\n\t\t<span>COMMANDER<\/span>\n\t<\/a>\n\n\n\n\t\t<\/div>\n\t<\/div>\n\t\n\t\n\n\t\t<\/div>\n\t\t\t\t\t<\/div>\n\n\t\n\n\n<style>\n#row-1962570250 > .col > .col-inner {\n  padding: 30px 30px 30px 30px;\n  background-color: rgb(255,255,255);\n}\n<\/style>\n<\/div>\n\n\t\t<\/div>\n\t\t\t\t\n<style>\n#col-1809628291 > .col-inner {\n  margin: -120px 0px 0px 0px;\n}\n@media (min-width:550px) {\n  #col-1809628291 > .col-inner {\n    margin: -150px 0px 0px 0px;\n  }\n}\n<\/style>\n\t<\/div>\n\n\t\n\n<\/div>\n\n\t\t<\/div>\n\n\t\t\n<style>\n#section_1499550407 {\n  padding-top: 30px;\n  padding-bottom: 30px;\n  background-color: rgb(242, 242, 242);\n}\n<\/style>\n\t<\/section>\n\t\n\n\t<section class=\"section\" id=\"section_2047618611\">\n\t\t<div class=\"section-bg fill\" >\n\t\t\t\t\t\t\t\t\t\n\t\t\t\n\n\t\t<\/div>\n\n\t\t\n\n\t\t<div class=\"section-content relative\">\n\t\t\t\n\n<div class=\"row align-center\"  id=\"row-1895536634\">\n\n\n\t<div id=\"col-804857602\" class=\"col medium-10 small-9 large-10\"  >\n\t\t\t\t<div class=\"col-inner\"  >\n\t\t\t\n\t\t\t\n\n<h1 style=\"text-align: center;\"><strong><span style=\"font-size: 200%;\"><ins>Le<\/ins> <ins>meilleur<\/ins> <ins>transfert<\/ins> <ins>au<\/ins> <ins>monde<\/ins>.<\/span><\/strong><\/h1>\n<p style=\"text-align: center;\"><span style=\"font-size: 140%;\">Application facile sur tout type de textile: coton, polyester, mix coton-poly, nylon, softshell etc..<\/span><\/p>\n\n\t\t<\/div>\n\t\t\t\t\n<style>\n#col-804857602 > .col-inner {\n  margin: 0px 0px -40px 0px;\n}\n<\/style>\n\t<\/div>\n\n\t\n\n<\/div>\n\t<div id=\"gap-403223783\" class=\"gap-element clearfix\" style=\"display:block; height:auto;\">\n\t\t\n<style>\n#gap-403223783 {\n  padding-top: 60px;\n}\n<\/style>\n\t<\/div>\n\t\n\n<div class=\"row align-center\"  id=\"row-207835021\">\n\n\n\t<div id=\"col-2063831087\" class=\"col medium-3 small-12 large-3\"  >\n\t\t\t\t<div class=\"col-inner\"  >\n\t\t\t\n\t\t\t\n\n\t<div id=\"gap-634707080\" class=\"gap-element clearfix\" style=\"display:block; height:auto;\">\n\t\t\n<style>\n#gap-634707080 {\n  padding-top: 40px;\n}\n<\/style>\n\t<\/div>\n\t\n\n\n\t\t<div class=\"icon-box featured-box icon-box-center text-center\"  >\n\t\t\t\t\t<div class=\"icon-box-img\" style=\"width: 61px\">\n\t\t\t\t<div class=\"icon\">\n\t\t\t\t\t<div class=\"icon-inner\" >\n\t\t\t\t\t\t<?xml version=\"1.0\" encoding=\"iso-8859-1\"?>\n<!-- Generator: Adobe Illustrator 19.1.0, SVG Export Plug-In . SVG Version: 6.00 Build 0)  -->\n<svg xmlns=\"http:\/\/www.w3.org\/2000\/svg\" xmlns:xlink=\"http:\/\/www.w3.org\/1999\/xlink\" version=\"1.1\" id=\"Capa_1\" x=\"0px\" y=\"0px\" viewBox=\"0 0 487.222 487.222\" style=\"enable-background:new 0 0 487.222 487.222;\" xml:space=\"preserve\" width=\"512px\" height=\"512px\">\n<g>\n\t<path d=\"M486.554,186.811c-1.6-4.9-5.8-8.4-10.9-9.2l-152-21.6l-68.4-137.5c-2.3-4.6-7-7.5-12.1-7.5l0,0c-5.1,0-9.8,2.9-12.1,7.6   l-67.5,137.9l-152,22.6c-5.1,0.8-9.3,4.3-10.9,9.2s-0.2,10.3,3.5,13.8l110.3,106.9l-25.5,151.4c-0.9,5.1,1.2,10.2,5.4,13.2   c2.3,1.7,5.1,2.6,7.9,2.6c2.2,0,4.3-0.5,6.3-1.6l135.7-71.9l136.1,71.1c2,1,4.1,1.5,6.2,1.5l0,0c7.4,0,13.5-6.1,13.5-13.5   c0-1.1-0.1-2.1-0.4-3.1l-26.3-150.5l109.6-107.5C486.854,197.111,488.154,191.711,486.554,186.811z M349.554,293.911   c-3.2,3.1-4.6,7.6-3.8,12l22.9,131.3l-118.2-61.7c-3.9-2.1-8.6-2-12.6,0l-117.8,62.4l22.1-131.5c0.7-4.4-0.7-8.8-3.9-11.9   l-95.6-92.8l131.9-19.6c4.4-0.7,8.2-3.4,10.1-7.4l58.6-119.7l59.4,119.4c2,4,5.8,6.7,10.2,7.4l132,18.8L349.554,293.911z\" fill=\"#FFFFFF\"\/>\n<\/g>\n<g>\n<\/g>\n<g>\n<\/g>\n<g>\n<\/g>\n<g>\n<\/g>\n<g>\n<\/g>\n<g>\n<\/g>\n<g>\n<\/g>\n<g>\n<\/g>\n<g>\n<\/g>\n<g>\n<\/g>\n<g>\n<\/g>\n<g>\n<\/g>\n<g>\n<\/g>\n<g>\n<\/g>\n<g>\n<\/g>\n<\/svg>\n\t\t\t\t\t<\/div>\n\t\t\t\t<\/div>\n\t\t\t<\/div>\n\t\t\t\t<div class=\"icon-box-text last-reset\">\n\t\t\t\t\t\t\t\t\t\n\n<h3><span style=\"font-size: 130%;\">R\u00e9sistance au lavage<\/span><\/h3>\n<p>Apr\u00e8s avoir lav\u00e9 un t-shirt 60 fois \u00e0 30\u00b0C nous n&rsquo;avons remarqu\u00e9 aucun changement.<\/p>\n\t<div id=\"gap-2058369512\" class=\"gap-element clearfix\" style=\"display:block; height:auto;\">\n\t\t\n<style>\n#gap-2058369512 {\n  padding-top: 30px;\n}\n<\/style>\n\t<\/div>\n\t\n\n\n\t\t<\/div>\n\t<\/div>\n\t\n\t\n\n\t\t<div class=\"icon-box featured-box icon-box-center text-center\"  >\n\t\t\t\t\t<div class=\"icon-box-img\" style=\"width: 61px\">\n\t\t\t\t<div class=\"icon\">\n\t\t\t\t\t<div class=\"icon-inner\" >\n\t\t\t\t\t\t<?xml version=\"1.0\" encoding=\"iso-8859-1\"?>\n<!-- Generator: Adobe Illustrator 19.1.0, SVG Export Plug-In . SVG Version: 6.00 Build 0)  -->\n<svg xmlns=\"http:\/\/www.w3.org\/2000\/svg\" xmlns:xlink=\"http:\/\/www.w3.org\/1999\/xlink\" version=\"1.1\" id=\"Capa_1\" x=\"0px\" y=\"0px\" viewBox=\"0 0 487.222 487.222\" style=\"enable-background:new 0 0 487.222 487.222;\" xml:space=\"preserve\" width=\"512px\" height=\"512px\">\n<g>\n\t<path d=\"M486.554,186.811c-1.6-4.9-5.8-8.4-10.9-9.2l-152-21.6l-68.4-137.5c-2.3-4.6-7-7.5-12.1-7.5l0,0c-5.1,0-9.8,2.9-12.1,7.6   l-67.5,137.9l-152,22.6c-5.1,0.8-9.3,4.3-10.9,9.2s-0.2,10.3,3.5,13.8l110.3,106.9l-25.5,151.4c-0.9,5.1,1.2,10.2,5.4,13.2   c2.3,1.7,5.1,2.6,7.9,2.6c2.2,0,4.3-0.5,6.3-1.6l135.7-71.9l136.1,71.1c2,1,4.1,1.5,6.2,1.5l0,0c7.4,0,13.5-6.1,13.5-13.5   c0-1.1-0.1-2.1-0.4-3.1l-26.3-150.5l109.6-107.5C486.854,197.111,488.154,191.711,486.554,186.811z M349.554,293.911   c-3.2,3.1-4.6,7.6-3.8,12l22.9,131.3l-118.2-61.7c-3.9-2.1-8.6-2-12.6,0l-117.8,62.4l22.1-131.5c0.7-4.4-0.7-8.8-3.9-11.9   l-95.6-92.8l131.9-19.6c4.4-0.7,8.2-3.4,10.1-7.4l58.6-119.7l59.4,119.4c2,4,5.8,6.7,10.2,7.4l132,18.8L349.554,293.911z\" fill=\"#FFFFFF\"\/>\n<\/g>\n<g>\n<\/g>\n<g>\n<\/g>\n<g>\n<\/g>\n<g>\n<\/g>\n<g>\n<\/g>\n<g>\n<\/g>\n<g>\n<\/g>\n<g>\n<\/g>\n<g>\n<\/g>\n<g>\n<\/g>\n<g>\n<\/g>\n<g>\n<\/g>\n<g>\n<\/g>\n<g>\n<\/g>\n<g>\n<\/g>\n<\/svg>\n\t\t\t\t\t<\/div>\n\t\t\t\t<\/div>\n\t\t\t<\/div>\n\t\t\t\t<div class=\"icon-box-text last-reset\">\n\t\t\t\t\t\t\t\t\t\n\n<h3><span style=\"font-size: 130%;\">Haute \u00c9lasticit\u00e9<\/span><\/h3>\n<p>Nous utilisons de la colle TPU qui permets d&rsquo;avoir une haute \u00e9lasticit\u00e9 dans des conditions extr\u00eames.<\/p>\n\n\t\t<\/div>\n\t<\/div>\n\t\n\t\n\n\t\t<\/div>\n\t\t\t\t\n<style>\n#col-2063831087 > .col-inner {\n  padding: 0px 0px 0px 15px;\n}\n<\/style>\n\t<\/div>\n\n\t\n\n\t<div id=\"col-1399939876\" class=\"col medium-6 small-12 large-6\"  >\n\t\t\t\t<div class=\"col-inner\"  >\n\t\t\t\n\t\t\t\n\n\n  <div class=\"banner has-hover has-video\" id=\"banner-1781389157\">\n          <div class=\"banner-inner fill\">\n        <div class=\"banner-bg fill\" >\n                        \t<div class=\"video-overlay no-click fill visible\"><\/div>\n\t<video class=\"video-bg fill visible\" preload playsinline autoplay muted loop>\n\t\t<source src=\"https:\/\/www.thelogo.be\/wp-content\/uploads\/2021\/03\/DTF-TRANSFERS-1.mp4\" type=\"video\/mp4\">\t<\/video>\n                        \n\t<div class=\"is-border\"\n\t\tstyle=\"border-width:0px 0px 0px 0px;\">\n\t<\/div>\n                    <\/div>\n\t\t\n        <div class=\"banner-layers container\">\n            <div class=\"fill banner-link\"><\/div>            \n\n   <div id=\"text-box-2057027666\" class=\"text-box banner-layer x50 md-x50 lg-x50 y50 md-y50 lg-y50 res-text\">\n                                <div class=\"text-box-content text dark\">\n              \n              <div class=\"text-inner text-center\">\n                  \n\n\n              <\/div>\n           <\/div>\n                            \n<style>\n#text-box-2057027666 {\n  width: 60%;\n}\n#text-box-2057027666 .text-box-content {\n  font-size: 100%;\n}\n@media (min-width:550px) {\n  #text-box-2057027666 {\n    width: 60%;\n  }\n}\n<\/style>\n    <\/div>\n \n\n        <\/div>\n      <\/div>\n\n            \n<style>\n#banner-1781389157 {\n  padding-top: 401px;\n}\n@media (min-width:550px) {\n  #banner-1781389157 {\n    padding-top: 635px;\n  }\n}\n<\/style>\n  <\/div>\n\n\n\n\t\t<\/div>\n\t\t\t\t\t<\/div>\n\n\t\n\n\t<div id=\"col-321074145\" class=\"col medium-3 small-12 large-3\"  >\n\t\t\t\t<div class=\"col-inner\"  >\n\t\t\t\n\t\t\t\n\n\t<div id=\"gap-438893576\" class=\"gap-element clearfix\" style=\"display:block; height:auto;\">\n\t\t\n<style>\n#gap-438893576 {\n  padding-top: 40px;\n}\n<\/style>\n\t<\/div>\n\t\n\n\n\t\t<div class=\"icon-box featured-box icon-box-center text-center\"  >\n\t\t\t\t\t<div class=\"icon-box-img\" style=\"width: 61px\">\n\t\t\t\t<div class=\"icon\">\n\t\t\t\t\t<div class=\"icon-inner\" >\n\t\t\t\t\t\t<?xml version=\"1.0\" encoding=\"iso-8859-1\"?>\n<!-- Generator: Adobe Illustrator 19.1.0, SVG Export Plug-In . SVG Version: 6.00 Build 0)  -->\n<svg xmlns=\"http:\/\/www.w3.org\/2000\/svg\" xmlns:xlink=\"http:\/\/www.w3.org\/1999\/xlink\" version=\"1.1\" id=\"Capa_1\" x=\"0px\" y=\"0px\" viewBox=\"0 0 487.222 487.222\" style=\"enable-background:new 0 0 487.222 487.222;\" xml:space=\"preserve\" width=\"512px\" height=\"512px\">\n<g>\n\t<path d=\"M486.554,186.811c-1.6-4.9-5.8-8.4-10.9-9.2l-152-21.6l-68.4-137.5c-2.3-4.6-7-7.5-12.1-7.5l0,0c-5.1,0-9.8,2.9-12.1,7.6   l-67.5,137.9l-152,22.6c-5.1,0.8-9.3,4.3-10.9,9.2s-0.2,10.3,3.5,13.8l110.3,106.9l-25.5,151.4c-0.9,5.1,1.2,10.2,5.4,13.2   c2.3,1.7,5.1,2.6,7.9,2.6c2.2,0,4.3-0.5,6.3-1.6l135.7-71.9l136.1,71.1c2,1,4.1,1.5,6.2,1.5l0,0c7.4,0,13.5-6.1,13.5-13.5   c0-1.1-0.1-2.1-0.4-3.1l-26.3-150.5l109.6-107.5C486.854,197.111,488.154,191.711,486.554,186.811z M349.554,293.911   c-3.2,3.1-4.6,7.6-3.8,12l22.9,131.3l-118.2-61.7c-3.9-2.1-8.6-2-12.6,0l-117.8,62.4l22.1-131.5c0.7-4.4-0.7-8.8-3.9-11.9   l-95.6-92.8l131.9-19.6c4.4-0.7,8.2-3.4,10.1-7.4l58.6-119.7l59.4,119.4c2,4,5.8,6.7,10.2,7.4l132,18.8L349.554,293.911z\" fill=\"#FFFFFF\"\/>\n<\/g>\n<g>\n<\/g>\n<g>\n<\/g>\n<g>\n<\/g>\n<g>\n<\/g>\n<g>\n<\/g>\n<g>\n<\/g>\n<g>\n<\/g>\n<g>\n<\/g>\n<g>\n<\/g>\n<g>\n<\/g>\n<g>\n<\/g>\n<g>\n<\/g>\n<g>\n<\/g>\n<g>\n<\/g>\n<g>\n<\/g>\n<\/svg>\n\t\t\t\t\t<\/div>\n\t\t\t\t<\/div>\n\t\t\t<\/div>\n\t\t\t\t<div class=\"icon-box-text last-reset\">\n\t\t\t\t\t\t\t\t\t\n\n<h3><span style=\"font-size: 130%;\">Couleurs vives<\/span><\/h3>\n<p>Grace \u00e0 nos encres de qualit\u00e9 nous obtenons des couleurs vives tr\u00e8s proche de la r\u00e9alit\u00e9.<\/p>\n\t<div id=\"gap-777375490\" class=\"gap-element clearfix\" style=\"display:block; height:auto;\">\n\t\t\n<style>\n#gap-777375490 {\n  padding-top: 30px;\n}\n<\/style>\n\t<\/div>\n\t\n\n\n\t\t<\/div>\n\t<\/div>\n\t\n\t\n\n\t\t<div class=\"icon-box featured-box icon-box-center text-center\"  >\n\t\t\t\t\t<div class=\"icon-box-img\" style=\"width: 61px\">\n\t\t\t\t<div class=\"icon\">\n\t\t\t\t\t<div class=\"icon-inner\" >\n\t\t\t\t\t\t<?xml version=\"1.0\" encoding=\"iso-8859-1\"?>\n<!-- Generator: Adobe Illustrator 19.1.0, SVG Export Plug-In . SVG Version: 6.00 Build 0)  -->\n<svg xmlns=\"http:\/\/www.w3.org\/2000\/svg\" xmlns:xlink=\"http:\/\/www.w3.org\/1999\/xlink\" version=\"1.1\" id=\"Capa_1\" x=\"0px\" y=\"0px\" viewBox=\"0 0 487.222 487.222\" style=\"enable-background:new 0 0 487.222 487.222;\" xml:space=\"preserve\" width=\"512px\" height=\"512px\">\n<g>\n\t<path d=\"M486.554,186.811c-1.6-4.9-5.8-8.4-10.9-9.2l-152-21.6l-68.4-137.5c-2.3-4.6-7-7.5-12.1-7.5l0,0c-5.1,0-9.8,2.9-12.1,7.6   l-67.5,137.9l-152,22.6c-5.1,0.8-9.3,4.3-10.9,9.2s-0.2,10.3,3.5,13.8l110.3,106.9l-25.5,151.4c-0.9,5.1,1.2,10.2,5.4,13.2   c2.3,1.7,5.1,2.6,7.9,2.6c2.2,0,4.3-0.5,6.3-1.6l135.7-71.9l136.1,71.1c2,1,4.1,1.5,6.2,1.5l0,0c7.4,0,13.5-6.1,13.5-13.5   c0-1.1-0.1-2.1-0.4-3.1l-26.3-150.5l109.6-107.5C486.854,197.111,488.154,191.711,486.554,186.811z M349.554,293.911   c-3.2,3.1-4.6,7.6-3.8,12l22.9,131.3l-118.2-61.7c-3.9-2.1-8.6-2-12.6,0l-117.8,62.4l22.1-131.5c0.7-4.4-0.7-8.8-3.9-11.9   l-95.6-92.8l131.9-19.6c4.4-0.7,8.2-3.4,10.1-7.4l58.6-119.7l59.4,119.4c2,4,5.8,6.7,10.2,7.4l132,18.8L349.554,293.911z\" fill=\"#FFFFFF\"\/>\n<\/g>\n<g>\n<\/g>\n<g>\n<\/g>\n<g>\n<\/g>\n<g>\n<\/g>\n<g>\n<\/g>\n<g>\n<\/g>\n<g>\n<\/g>\n<g>\n<\/g>\n<g>\n<\/g>\n<g>\n<\/g>\n<g>\n<\/g>\n<g>\n<\/g>\n<g>\n<\/g>\n<g>\n<\/g>\n<g>\n<\/g>\n<\/svg>\n\t\t\t\t\t<\/div>\n\t\t\t\t<\/div>\n\t\t\t<\/div>\n\t\t\t\t<div class=\"icon-box-text last-reset\">\n\t\t\t\t\t\t\t\t\t\n\n<h3><span style=\"font-size: 130%;\">Pas de D\u00e9coloration<\/span><\/h3>\n<p>Nos transferts se d\u00e9colorent pas ni apres la pose ni apres lavage.<\/p>\n\n\t\t<\/div>\n\t<\/div>\n\t\n\t\n\n\t\t<\/div>\n\t\t\t\t\n<style>\n#col-321074145 > .col-inner {\n  padding: 0px 15px 0px 0px;\n  margin: 0px 0px 0px 0px;\n}\n<\/style>\n\t<\/div>\n\n\t\n\n<\/div>\n\t<div id=\"gap-1929016874\" class=\"gap-element clearfix\" style=\"display:block; height:auto;\">\n\t\t\n<style>\n#gap-1929016874 {\n  padding-top: 30px;\n}\n<\/style>\n\t<\/div>\n\t\n\n\n\t\t<\/div>\n\n\t\t\n<style>\n#section_2047618611 {\n  padding-top: 0px;\n  padding-bottom: 0px;\n}\n<\/style>\n\t<\/section>\n\t\n<div class=\"container section-title-container\" ><h2 class=\"section-title section-title-center\"><b aria-hidden=\"true\"><\/b><span class=\"section-title-main\" style=\"font-size:158%;\">Images de nos clients<\/span><b aria-hidden=\"true\"><\/b><\/h2><\/div>\n\n  <div class=\"banner-grid-wrapper\">\n  <div id=\"banner-grid-862353362\" class=\"banner-grid row row-grid row-small\" data-packery-options=\"\">\n                      \n\n<div class=\"col grid-col small-13 large-6 grid-col-1\" ><div class=\"col-inner\">\n\n\n  <div class=\"banner has-hover has-video\" id=\"banner-102687211\">\n          <div class=\"banner-inner fill\">\n        <div class=\"banner-bg fill\" >\n                        \t<div class=\"video-overlay no-click fill visible\"><\/div>\n\t<video class=\"video-bg fill visible\" preload playsinline autoplay muted loop>\n\t\t<source src=\"https:\/\/www.thelogo.be\/wp-content\/uploads\/2021\/03\/dtf-transfer.mp4\" type=\"video\/mp4\">\t<\/video>\n                        \n                    <\/div>\n\t\t\n        <div class=\"banner-layers container\">\n            <div class=\"fill banner-link\"><\/div>            \n\n   <div id=\"text-box-2065633007\" class=\"text-box banner-layer x50 md-x50 lg-x50 y50 md-y50 lg-y50 res-text\">\n                                <div class=\"text-box-content text dark\">\n              \n              <div class=\"text-inner text-center\">\n                  \n\n\n              <\/div>\n           <\/div>\n                            \n<style>\n#text-box-2065633007 {\n  width: 60%;\n}\n#text-box-2065633007 .text-box-content {\n  font-size: 100%;\n}\n@media (min-width:550px) {\n  #text-box-2065633007 {\n    width: 60%;\n  }\n}\n<\/style>\n    <\/div>\n \n\n        <\/div>\n      <\/div>\n\n            \n<style>\n#banner-102687211 {\n  padding-top: 500px;\n}\n<\/style>\n  <\/div>\n\n\n\n<\/div><\/div>\n<div class=\"col grid-col small-6 large-3 grid-col-1-2\" ><div class=\"col-inner\">\n\n\t<div class=\"img has-hover x md-x lg-x y md-y lg-y\" id=\"image_1300634262\">\n\t\t<a class=\"image-lightbox lightbox-gallery\" title=\"\" href=\"https:\/\/www.thelogo.be\/wp-content\/uploads\/2021\/03\/MANUSCRIPT.jpg\">\t\t\t\t\t\t<div class=\"img-inner dark\" >\n\t\t\t<img loading=\"lazy\" decoding=\"async\" width=\"700\" height=\"700\" src=\"https:\/\/www.thelogo.be\/wp-content\/uploads\/2021\/03\/MANUSCRIPT.jpg\" class=\"attachment-large size-large\" alt=\"\" srcset=\"https:\/\/www.thelogo.be\/wp-content\/uploads\/2021\/03\/MANUSCRIPT.jpg 700w, https:\/\/www.thelogo.be\/wp-content\/uploads\/2021\/03\/MANUSCRIPT-247x247.jpg 247w, https:\/\/www.thelogo.be\/wp-content\/uploads\/2021\/03\/MANUSCRIPT-100x100.jpg 100w, https:\/\/www.thelogo.be\/wp-content\/uploads\/2021\/03\/MANUSCRIPT-400x400.jpg 400w, https:\/\/www.thelogo.be\/wp-content\/uploads\/2021\/03\/MANUSCRIPT-280x280.jpg 280w\" sizes=\"auto, (max-width: 700px) 100vw, 700px\" title=\"\">\t\t\t\t\t\t\n\t\t\t\t\t<\/div>\n\t\t\t\t\t\t<\/a>\t\t\n<style>\n#image_1300634262 {\n  width: 100%;\n}\n<\/style>\n\t<\/div>\n\t\n\n\n<\/div><\/div>\n<div class=\"col grid-col small-6 large-3 grid-col-1-2\" ><div class=\"col-inner\">\n\n\t<div class=\"img has-hover x md-x lg-x y md-y lg-y\" id=\"image_1912866724\">\n\t\t<a class=\"image-lightbox lightbox-gallery\" title=\"\" href=\"https:\/\/www.thelogo.be\/wp-content\/uploads\/2021\/03\/SCHLAPP-UP-YOUR-LIFE.jpg\">\t\t\t\t\t\t<div class=\"img-inner dark\" >\n\t\t\t<img loading=\"lazy\" decoding=\"async\" width=\"700\" height=\"700\" src=\"https:\/\/www.thelogo.be\/wp-content\/uploads\/2021\/03\/SCHLAPP-UP-YOUR-LIFE.jpg\" class=\"attachment-large size-large\" alt=\"\" srcset=\"https:\/\/www.thelogo.be\/wp-content\/uploads\/2021\/03\/SCHLAPP-UP-YOUR-LIFE.jpg 700w, https:\/\/www.thelogo.be\/wp-content\/uploads\/2021\/03\/SCHLAPP-UP-YOUR-LIFE-247x247.jpg 247w, https:\/\/www.thelogo.be\/wp-content\/uploads\/2021\/03\/SCHLAPP-UP-YOUR-LIFE-100x100.jpg 100w, https:\/\/www.thelogo.be\/wp-content\/uploads\/2021\/03\/SCHLAPP-UP-YOUR-LIFE-400x400.jpg 400w, https:\/\/www.thelogo.be\/wp-content\/uploads\/2021\/03\/SCHLAPP-UP-YOUR-LIFE-280x280.jpg 280w\" sizes=\"auto, (max-width: 700px) 100vw, 700px\" title=\"\">\t\t\t\t\t\t\n\t\t\t\t\t<\/div>\n\t\t\t\t\t\t<\/a>\t\t\n<style>\n#image_1912866724 {\n  width: 100%;\n}\n<\/style>\n\t<\/div>\n\t\n\n\n<\/div><\/div>\n<div class=\"col grid-col small-6 large-3 grid-col-1-2\" ><div class=\"col-inner\">\n\n\t<div class=\"img has-hover x md-x lg-x y md-y lg-y\" id=\"image_1359264794\">\n\t\t<a class=\"image-lightbox lightbox-gallery\" title=\"\" href=\"https:\/\/www.thelogo.be\/wp-content\/uploads\/2021\/03\/MAMACITA.jpg\">\t\t\t\t\t\t<div class=\"img-inner dark\" >\n\t\t\t<img loading=\"lazy\" decoding=\"async\" width=\"700\" height=\"700\" src=\"https:\/\/www.thelogo.be\/wp-content\/uploads\/2021\/03\/MAMACITA.jpg\" class=\"attachment-large size-large\" alt=\"\" srcset=\"https:\/\/www.thelogo.be\/wp-content\/uploads\/2021\/03\/MAMACITA.jpg 700w, https:\/\/www.thelogo.be\/wp-content\/uploads\/2021\/03\/MAMACITA-247x247.jpg 247w, https:\/\/www.thelogo.be\/wp-content\/uploads\/2021\/03\/MAMACITA-100x100.jpg 100w, https:\/\/www.thelogo.be\/wp-content\/uploads\/2021\/03\/MAMACITA-400x400.jpg 400w, https:\/\/www.thelogo.be\/wp-content\/uploads\/2021\/03\/MAMACITA-280x280.jpg 280w\" sizes=\"auto, (max-width: 700px) 100vw, 700px\" title=\"\">\t\t\t\t\t\t\n\t\t\t\t\t<\/div>\n\t\t\t\t\t\t<\/a>\t\t\n<style>\n#image_1359264794 {\n  width: 100%;\n}\n<\/style>\n\t<\/div>\n\t\n\n\n<\/div><\/div>\n<div class=\"col grid-col small-6 large-3 grid-col-1-2\" ><div class=\"col-inner\">\n\n\t<div class=\"img has-hover x md-x lg-x y md-y lg-y\" id=\"image_51809097\">\n\t\t<a class=\"image-lightbox lightbox-gallery\" title=\"\" href=\"https:\/\/www.thelogo.be\/wp-content\/uploads\/2021\/03\/JOIN-THE-TRAKKS-TEAM.jpg\">\t\t\t\t\t\t<div class=\"img-inner dark\" >\n\t\t\t<img loading=\"lazy\" decoding=\"async\" width=\"700\" height=\"700\" src=\"https:\/\/www.thelogo.be\/wp-content\/uploads\/2021\/03\/JOIN-THE-TRAKKS-TEAM.jpg\" class=\"attachment-large size-large\" alt=\"\" srcset=\"https:\/\/www.thelogo.be\/wp-content\/uploads\/2021\/03\/JOIN-THE-TRAKKS-TEAM.jpg 700w, https:\/\/www.thelogo.be\/wp-content\/uploads\/2021\/03\/JOIN-THE-TRAKKS-TEAM-247x247.jpg 247w, https:\/\/www.thelogo.be\/wp-content\/uploads\/2021\/03\/JOIN-THE-TRAKKS-TEAM-100x100.jpg 100w, https:\/\/www.thelogo.be\/wp-content\/uploads\/2021\/03\/JOIN-THE-TRAKKS-TEAM-400x400.jpg 400w, https:\/\/www.thelogo.be\/wp-content\/uploads\/2021\/03\/JOIN-THE-TRAKKS-TEAM-280x280.jpg 280w\" sizes=\"auto, (max-width: 700px) 100vw, 700px\" title=\"\">\t\t\t\t\t\t\n\t\t\t\t\t<\/div>\n\t\t\t\t\t\t<\/a>\t\t\n<style>\n#image_51809097 {\n  width: 100%;\n}\n<\/style>\n\t<\/div>\n\t\n\n\n<\/div><\/div>\n\n            <\/div>\n    <style>\n    #banner-grid-862353362 .grid-col-1{height: 600px}\n    #banner-grid-862353362 .grid-col-1-2{height: 300px}\n    #banner-grid-862353362 .grid-col-1-3{height:200px}\n    #banner-grid-862353362 .grid-col-2-3{height: 400px}\n    #banner-grid-862353362 .grid-col-1-4{height: 150px}\n    #banner-grid-862353362 .grid-col-3-4{height: 450px}\n\n\n    \n    \n\n  <\/style>\n    <\/div>\n  \n\n","protected":false},"excerpt":{"rendered":"","protected":false},"author":5,"featured_media":0,"parent":0,"menu_order":1,"comment_status":"closed","ping_status":"closed","template":"page-blank.php","meta":{"footnotes":""},"class_list":["post-1910","page","type-page","status-publish","hentry"],"_links":{"self":[{"href":"https:\/\/www.thelogo.be\/fr\/wp-json\/wp\/v2\/pages\/1910","targetHints":{"allow":["GET"]}}],"collection":[{"href":"https:\/\/www.thelogo.be\/fr\/wp-json\/wp\/v2\/pages"}],"about":[{"href":"https:\/\/www.thelogo.be\/fr\/wp-json\/wp\/v2\/types\/page"}],"author":[{"embeddable":true,"href":"https:\/\/www.thelogo.be\/fr\/wp-json\/wp\/v2\/users\/5"}],"replies":[{"embeddable":true,"href":"https:\/\/www.thelogo.be\/fr\/wp-json\/wp\/v2\/comments?post=1910"}],"version-history":[{"count":508,"href":"https:\/\/www.thelogo.be\/fr\/wp-json\/wp\/v2\/pages\/1910\/revisions"}],"predecessor-version":[{"id":15576,"href":"https:\/\/www.thelogo.be\/fr\/wp-json\/wp\/v2\/pages\/1910\/revisions\/15576"}],"wp:attachment":[{"href":"https:\/\/www.thelogo.be\/fr\/wp-json\/wp\/v2\/media?parent=1910"}],"curies":[{"name":"wp","href":"https:\/\/api.w.org\/{rel}","templated":true}]}}