{"id":4352,"date":"2021-03-07T14:43:32","date_gmt":"2021-03-07T14:43:32","guid":{"rendered":"https:\/\/www.thelogo.be\/?post_type=product&#038;p=4352"},"modified":"2024-09-12T14:26:20","modified_gmt":"2024-09-12T14:26:20","slug":"dtf-transferdruck-pro-1m","status":"publish","type":"product","link":"https:\/\/www.thelogo.be\/de\/produkt\/dtf-transferdruck-pro-1m\/","title":{"rendered":"DTF transferdruck pro Laufmeter  Full Color"},"content":{"rendered":"<p style=\"text-align: center;\">Ab 70 cm k\u00f6nnen Sie Ihre DTF-Drucke bequem \u00fcber unseren Webshop bestellen.<br \/>\nUnsere DTF-Transfers sind sehr weich im Griff.<br \/>\nWir verwenden TPU-Kleber, der eine hohe Elastizit\u00e4t unter extremen Bedingungen erm\u00f6glicht.<br \/>\nDank unserer Qualit\u00e4tstinten erzielen wir lebendige Farben, die der Realit\u00e4t sehr nahe kommen.<br \/>\nUnsere DTF-Transfers verblassen weder nach dem Auftragen noch nach dem Waschen.<\/p>\n","protected":false},"excerpt":{"rendered":"<p>Ab 70 cm k\u00f6nnen Sie Ihre DTF-Drucke bequem \u00fcber unseren Webshop bestellen. Unsere DTF-Transfers sind sehr weich im Griff. Wir verwenden TPU-Kleber, der eine hohe Elastizit\u00e4t unter extremen Bedingungen erm\u00f6glicht. Dank unserer Qualit\u00e4tstinten erzielen wir lebendige Farben, die der Realit\u00e4t sehr nahe kommen. Unsere DTF-Transfers verblassen weder nach dem Auftragen noch nach dem Waschen.<\/p>\n","protected":false},"featured_media":12723,"template":"","meta":[],"product_brand":[],"product_cat":[192],"product_tag":[],"class_list":{"0":"post-4352","1":"product","2":"type-product","3":"status-publish","4":"has-post-thumbnail","6":"product_cat-dtf-transferdruck","7":"wcpa_has_options","9":"first","10":"instock","11":"taxable","12":"shipping-taxable","13":"purchasable","14":"product-type-simple"},"wcpa_form_fields":{"wcpaData":{"product":{"product_price":1,"price_html":"<span class=\"woocommerce-Price-amount amount\"><bdi><span class=\"woocommerce-Price-currencySymbol\">&euro;<\/span>1,00<\/bdi><\/span> <small class=\"woocommerce-price-suffix\">exkl. MWST<\/small>","original_product_price":1,"price_including_tax":1,"price_excluding_tax":1,"product_id":{"parent":4352,"variation":false},"is_variable":false,"stock_status":"instock","stock_quantity":null,"parent_sku":"58cm x 100cm","product_attributes":[],"custom_fields":[],"is_taxable":true,"product_name":"DTF transferdruck pro Laufmeter  Full Color","hasImage":false},"fields":{"sec_8668a837940f6e":{"extra":{"key":"sec_8668a837940f6e","section_id":"sec_8668a837940f6e","name":"Default","status":1,"cl_rule":"show","enableCl":false,"relations":[],"toggle":true,"title_tag":"h3","show_title":false,"showPrice":"default","form_id":12287,"form_rules":{"exclude_from_discount":false,"fee_label":"Fee","disp_hide_options_price":false,"disp_show_section_price":false,"disp_show_field_price":false,"layout_option":"standard","pric_use_as_fee":false,"process_fee_as":"woo_fee"},"layout_option":"standard"},"fields":[[{"active":true,"col":6,"relations":false,"cl_rule":"show","enableCl":false,"price":"","enablePrice":false,"className":"","label_position":"default","desc_position":"default","type":"text","subtype":"text","required":true,"elementId":"text_3536787081","label":"Order Name","name":"text_3536787081","value":"","error":false,"gt_translate_keys":["label","value"],"price_dependency":false,"cl_dependency":false}],[{"active":true,"col":6,"relations":false,"cl_rule":"show","enableCl":false,"price":"(({value}>35)?14.5*{value}:(({value}>14)?15*{value}:(({value}>9)?16*{value}:(({value}>6)?18*{value}:(({value}>3)?20*{value}:22*{value})))))","enablePrice":true,"className":"","label_position":"default","desc_position":"default","type":"number","required":true,"elementId":"number_5376230440","label":"Length","name":"number_5376230440","value":"","error":false,"description":"","pricingType":"custom","isTemplate":false,"max":"","step":"0.01","placeholder":"max 2m per file","min":"0.70","gt_translate_keys":["label","placeholder","description","value"],"price_dependency":["radio_4098751350"],"cl_dependency":false}],[{"active":true,"col":6,"relations":false,"cl_rule":"show","enableCl":false,"price":"","enablePrice":false,"className":"","label_position":"default","desc_position":"default","type":"file","required":true,"elementId":"file_4005757229","name":"file_4005757229","label":"File","upload_type":"ajax","uploadSize":"","file_types":["any"],"error":false,"placeholder":"we prefer PDF with transparent background","allowedFileTypes":"","gt_translate_keys":["label","placeholder"],"price_dependency":false,"cl_dependency":false,"value":""}],[{"active":true,"col":6,"relations":false,"cl_rule":"show","enableCl":false,"price":"","enablePrice":true,"className":"","label_position":"default","desc_position":"default","type":"radio-group","required":true,"elementId":"radio_4098751350","label":"Shipping\/pick-up","name":"radio_4098751350","values":[{"label":"2 Days","value":"2-days","selected":false,"tempId":"aco_430","price":"{field.number_5376230440.price}*0","gt_translate_keys":["label"]},{"label":"1 Day","value":"1-day","selected":false,"tempId":"aco_431","price":"{field.number_5376230440.price}*.5","gt_translate_keys":["label"]},{"label":"Same Day after 18h","value":"same-day","selected":false,"tempId":"aco_432","price":"{field.number_5376230440.price}*1","gt_translate_keys":["label"]}],"layOut":"inline","error":false,"checkUi":"toggle","description":"Orders must be placed before 12AM","priceOptions":"different_for_all","pricingType":"custom","isTemplate":false,"gt_translate_keys":["label","description"],"price_dependency":false,"cl_dependency":false,"value":""}]]}},"config":{"price_override":"always","enable_recaptcha":false,"bind_quantity":false,"quantity_bind_formula":false,"disp_summ_show_option_price":false,"disp_summ_show_product_price":false,"disp_summ_show_total_price":true,"disp_summ_show_fee":false,"disp_summ_show_discount":false,"summary_title":"","options_total_label":"Options Price","total_label":"Gesamt","options_product_label":"Product Price","fee_label":"Fee","discount_label":"Discount","has_price":true,"has_quantity_formula":false},"mc_unit":1,"tax_rate":1,"tax_rate_real":0,"discount":{"percentage":0,"fixed":0},"design":{"conf":{"LabelPosition":"above","DescPosition":"above","UploadField":"custom_1","QuantityFieldStyle":"default"},"css":{"LeftLabelWidth":"120px"}},"formulas":[],"lookuptables":[],"clones":false,"cartKey":false}},"_links":{"self":[{"href":"https:\/\/www.thelogo.be\/de\/wp-json\/wp\/v2\/product\/4352","targetHints":{"allow":["GET"]}}],"collection":[{"href":"https:\/\/www.thelogo.be\/de\/wp-json\/wp\/v2\/product"}],"about":[{"href":"https:\/\/www.thelogo.be\/de\/wp-json\/wp\/v2\/types\/product"}],"wp:featuredmedia":[{"embeddable":true,"href":"https:\/\/www.thelogo.be\/de\/wp-json\/wp\/v2\/media\/12723"}],"wp:attachment":[{"href":"https:\/\/www.thelogo.be\/de\/wp-json\/wp\/v2\/media?parent=4352"}],"wp:term":[{"taxonomy":"product_brand","embeddable":true,"href":"https:\/\/www.thelogo.be\/de\/wp-json\/wp\/v2\/product_brand?post=4352"},{"taxonomy":"product_cat","embeddable":true,"href":"https:\/\/www.thelogo.be\/de\/wp-json\/wp\/v2\/product_cat?post=4352"},{"taxonomy":"product_tag","embeddable":true,"href":"https:\/\/www.thelogo.be\/de\/wp-json\/wp\/v2\/product_tag?post=4352"}],"curies":[{"name":"wp","href":"https:\/\/api.w.org\/{rel}","templated":true}]}}