{"id":4873,"date":"2021-03-17T10:14:38","date_gmt":"2021-03-17T10:14:38","guid":{"rendered":"https:\/\/www.thelogo.be\/terms-conditions\/"},"modified":"2022-05-04T08:31:44","modified_gmt":"2022-05-04T08:31:44","slug":"allgemeine-geschaeftsbedingungen","status":"publish","type":"page","link":"https:\/\/www.thelogo.be\/de\/allgemeine-geschaeftsbedingungen\/","title":{"rendered":"Unsere AGB"},"content":{"rendered":"\n\n\n<div class=\"row row-collapse align-middle align-center\"  id=\"row-1453886614\">\n\n\n\t<div id=\"col-1758664726\" class=\"col medium-10 small-11 large-10\"  >\n\t\t\t\t<div class=\"col-inner\"  >\n\t\t\t\n\t\t\t\n\n<p>1. Geltungsbereich<br \/>Die nachstehend aufgef\u00fchrten allgemeinen Verkaufsbedingungen regeln die vertraglichen Beziehungen zwischen einem Benutzer der Website (im Folgenden als &#8222;Sie&#8220; bezeichnet) und dem Handelsnamen THELOGO.BE der Firma SNC GO World, deren Hauptsitz sich in 1030 Br\u00fcssel befindet. Avenue des Glycines 40 und Umsatzsteuer-Identifikationsnummer BE 0807.523.416. Bevor Sie unsere Website besuchen, ist es wichtig, dass Sie diese Allgemeinen Verkaufsbedingungen lesen, die validiert werden m\u00fcssen. Sie k\u00f6nnen jederzeit ge\u00e4ndert werden, aber Sie finden hier immer die neueste Version.<br \/>Durch die Annahme der Allgemeinen Verkaufsbedingungen entsteht eine rechtliche Vereinbarung zwischen Ihnen und THELOGO.BE. Sie erkl\u00e4ren sich daher damit einverstanden, diesen Service gem\u00e4\u00df den Bestimmungen dieser Bedingungen zu nutzen. Ihre Nutzung der Website h\u00e4ngt vollst\u00e4ndig von Ihrem Verst\u00e4ndnis der Allgemeinen Verkaufsbedingungen ab.<\/p>\n<p>2. Nutzung von Diensten<br \/>Sie stellen sicher, dass die hochgeladenen Bilder den geltenden Gesetzen entsprechen, insbesondere den Strafbestimmungen zu Pornografie, Gewalt, P\u00e4dophilie sowie Gesetzen zum Schutz des geistigen Eigentums. THELOGO.BE hat das Recht, Verst\u00f6\u00dfe gegen das Strafrecht anzuprangern.<br \/>THELOGO.BE beh\u00e4lt sich das Recht vor, Bilder oder Texte nicht zu akzeptieren, die zwar nicht unter das Gesetz fallen, aber gewaltt\u00e4tig, rassistisch, pornografisch oder p\u00e4dophil sind. THELOGO.BE kann sich auch weigern, Drucke von dieser Art von Bildern (Texten) anzufertigen.<br \/>Sie erkl\u00e4ren sich damit einverstanden, THELOGO.BE von jeglichen Vorurteilen (einschlie\u00dflich etwaiger Entsch\u00e4digungen, die es m\u00f6glicherweise an Dritte zu zahlen hat, oder von Kosten oder Geb\u00fchren, die es m\u00f6glicherweise zu tragen hat, um seine Verteidigung zu gew\u00e4hrleisten) zu entsch\u00e4digen, die es unter der Verbreitung auf der Website des Bilder (oder Texte), die Sie ihm mitgeteilt haben, Verst\u00f6\u00dfe gegen die Allgemeinen Nutzungsbedingungen oder illegale Aktivit\u00e4ten, die von Ihrem Konto aufgrund eines Verschuldens oder einer Fahrl\u00e4ssigkeit von Ihrer Seite ausgef\u00fchrt werden.<br \/>Alle Aktionen, Spiele und Wettbewerbe auf THELOGO.BE unterliegen den von THELOGO.BE entwickelten Bedingungen und sind verf\u00fcgbar, wenn die Aktion ver\u00f6ffentlicht wird.<\/p>\n<p>3. Geistiges Eigentum<br \/>Der gesamte Inhalt der THELOGO.BE-Website (Texte, Bilder, Abbildungen, Computercode) ist Eigentum von THELOGO.BE. Jegliche teilweise oder vollst\u00e4ndige Vervielf\u00e4ltigung des Inhalts auf irgendeine Weise und auf irgendeinem Medium ist ohne schriftliche Genehmigung von THELOGO.BE untersagt. Die w\u00e4hrend einer Ihrer Bestellungen \u00fcbertragenen Bilder bleiben Ihr Eigentum. Sie erkl\u00e4ren, dass Sie gem\u00e4\u00df den geltenden gesetzlichen Bestimmungen alle Rechte an geistigem Eigentum an den Bildern besitzen, die Sie gem\u00e4\u00df den in diesen Nutzungsbedingungen vorgesehenen Bedingungen an THELOGO.BE \u00fcbertragen.<br \/>Alle Informationen, Inhalte, Dateien, Software und Hardware, die von unseren Diensten angeboten werden, sind durch belgische und internationale Gesetze in Bezug auf geistiges Eigentum und Urheberrecht gesch\u00fctzt.<\/p>\n<p>4. Verantwortlichkeiten<br \/>Sie erkennen als Benutzer der Website an, dass Sie sich anmelden und die angebotenen Dienste auf eigenes Risiko nutzen. THELOGO.BE haftet nicht f\u00fcr direkte oder indirekte Sch\u00e4den (finanzielle Verluste, Gewinne, Wechselkursverluste), die Sie oder ein Dritter aus irgendeinem Grund aufgrund Ihrer Verbindung zur Website, der Unf\u00e4higkeit, auf diese zuzugreifen oder eine Verbindung zu ihnen herzustellen, erleiden k\u00f6nnen die Site oder die Nichtfunktion oder den Betrieb der Site. Insbesondere Sch\u00e4den, die durch ungenauen Inhalt, Fehler, Langsamkeit oder Unterbrechung der \u00dcbertragung, Verlust, Verschwinden oder \u00c4ndern von Daten, Viren, unabh\u00e4ngig von ihrer Herkunft, entstehen k\u00f6nnen, sind Eingriffe Dritter und allgemeiner die Nutzung der Website oder die Unf\u00e4higkeit, es zu benutzen. THELOGO.BE garantiert alle Anstrengungen, um die Verf\u00fcgbarkeit des THELOGO.BE-Dienstes sicherzustellen. Aus technischen Gr\u00fcnden ist jedoch eine vor\u00fcbergehende Unterbrechung der Dienste m\u00f6glich. THELOGO.BE wird sich bem\u00fchen, seine Kunden so gut wie m\u00f6glich \u00fcber Art und Dauer von Unterbrechungen zu informieren, \u00fcbernimmt jedoch keine Haftung f\u00fcr den Fall, dass seine Dienste nicht verf\u00fcgbar sind. Ebenso kann THELOGO.BE die Zuverl\u00e4ssigkeit und Qualit\u00e4t des Internet-Netzwerks au\u00dferhalb seiner Mauern nicht garantieren.<\/p>\n<p>THELOGO.BE verf\u00fcgt \u00fcber eine sehr effiziente Datensicherungsinfrastruktur (pers\u00f6nliche Informationen, Bilder, Texte usw.). Dies sollte es auch bei einem schwerwiegenden Fehler erm\u00f6glichen, alle empfangenen Daten wiederherzustellen. THELOGO.BE \u00fcbernimmt jedoch keine Verantwortung f\u00fcr Datenverlust. Daher sollten Sie immer eine Kopie Ihrer Dateien aufbewahren. Die verarbeiteten Bilder werden sp\u00e4testens 5 Tage nach der Bestellung vom THELOGO.BE-Server gel\u00f6scht. Bei Verlust oder Besch\u00e4digung von Datenmedien beschr\u00e4nkt sich die Haftung von THELOGO.BE darauf, die Medien durch ein Neuware gleicher Qualit\u00e4t zu ersetzen. Sie sind allein verantwortlich f\u00fcr die Kommunikation und das Hochladen von Daten, die Sie selbst auf der Website vorgenommen haben. Das Erw\u00e4hnen von Links zu anderen Websites dient der Vereinfachung. THELOGO.BE kann in keiner Weise f\u00fcr den Inhalt dieser Websites b\u00fcrgen und \u00fcbernimmt keine Haftung f\u00fcr den Fall, dass Sie Beschwerden gegen diese Websites haben.<\/p>\n<p>5. Preis<br \/>Die auf der Website angegebenen Verkaufspreise sind in Euro ohne Mehrwertsteuer angegeben. Der Preis einschlie\u00dflich Mehrwertsteuer wird vor Best\u00e4tigung Ihrer Bestellung angezeigt.<br \/>Wir behalten uns das Recht vor, unsere Preise jederzeit zu \u00e4ndern, verpflichten uns jedoch, die aktuellen Preise anzuwenden, die Ihnen zum Zeitpunkt Ihrer Bestellung auf der Website angegeben wurden.<\/p>\n<p>6. Lieferung<br \/>Die Lieferung erfolgt ab 295 \u20ac.<br \/>Ihre Produkte werden an die Adresse geliefert, die Sie uns bei der Bestellung angegeben haben.<br \/>Die Lieferzeit variiert je nach gew\u00e4hlter Versandart.<br \/>Bestellungen werden innerhalb von maximal 2 bis 3 Werktagen versendet.<br \/>Die Zahlung erfolgt online. Eine E-Mail informiert Sie \u00fcber den Status Ihrer Bestellung.<br \/>Nach Erhalt Ihres Pakets wird empfohlen, die Konformit\u00e4t der Produkte zu \u00fcberpr\u00fcfen und uns gegebenenfalls zu informieren.<br \/>Wenn die Produkte an uns zur\u00fcckgesandt werden m\u00fcssen, m\u00fcssen sie innerhalb von sieben Arbeitstagen nach Lieferung an die folgende Adresse zur\u00fcckgesandt werden: GO World VOF, Avenue des Glycines 40, 1030 Br\u00fcssel, Belgien. Die Versandkosten gehen zu unseren Lasten.<\/p>\n<p>7. Widerrufsrecht f\u00fcr personalisierte Artikel<br \/>Sofern wir nicht ausdr\u00fccklich etwas anderes vereinbaren, beinhaltet jede Angelegenheit, die sich mit unserem Unternehmen befasst, die vorbehaltlose Annahme der folgenden Bedingungen, unabh\u00e4ngig von den auf den Bestellungen gemachten Vorbehalten. Es ist Ihre Pflicht, die Konformit\u00e4t der \u00dcbertragungen zu \u00fcberpr\u00fcfen, wenn Sie sie auf das Textil legen. Eine Erstattung der Kleidung kann nicht beantragt werden.<br \/>In \u00dcbereinstimmung mit dem Gesetz \u201eCDE Livre VI Art. 47 bis 53\u201c bietet THELOGO.BE angesichts des Personalisierungsgrades der bestellten Produkte seinen Kunden keine Widerrufsklausel an.<br \/>Die online anpassbaren Produkte erm\u00f6glichen die Auswahl der gew\u00fcnschten Fotos, Texte und Logos. Der Kunde ist allein f\u00fcr die Auswahl auf der THELOGO.BE-Website verantwortlich.<\/p>\n<p>8. Zahlung<br \/>Die Zahlung Ihrer Bestellung wird von Mollie (Bancontact, IDEAL und Online-\u00dcberweisung &#8211; Sofort Banking) gesichert und NETOPIA (Visa, MasterCard).<br \/>Die Zahlung Ihrer Bestellung per Kreditkarte ist m\u00f6glich, sofern Sie zuvor die Berechtigung erhalten haben, Ihr Konto von den zust\u00e4ndigen Zahlungszentren zu belasten. Andernfalls kann Ihre Bestellung nicht ber\u00fccksichtigt werden.<br \/>In diesem Fall erfolgt die Online-Zahlung per Kreditkarte \u00fcber das Sicherheitssystem von Mollie, das die Verschl\u00fcsselung Ihrer Bankdaten w\u00e4hrend der \u00dcbertragung \u00fcber das Netzwerk erm\u00f6glicht.<br \/>Im Falle einer R\u00fcckerstattung werden Sie dem von Ihnen angegebenen Bankkonto gutgeschrieben.<\/p>\n<p>9. Anwendbares Recht &#8211; Zust\u00e4ndige Gerichtsbarkeit<br \/>Die Website wurde gem\u00e4\u00df den in Belgien geltenden Gesetzen entwickelt.<br \/>Alle Streitigkeiten, die zwischen Ihnen und THELOGO.BE entstehen k\u00f6nnen, werden den zust\u00e4ndigen Gerichten unter der Zust\u00e4ndigkeit des Gerichtshofs von Br\u00fcssel vorgelegt.<\/p>\n\n\t\t<\/div>\n\t\t\t\t\t<\/div>\n\n\t\n\n<\/div>\n\n","protected":false},"excerpt":{"rendered":"","protected":false},"author":5,"featured_media":0,"parent":0,"menu_order":0,"comment_status":"closed","ping_status":"closed","template":"","meta":{"footnotes":""},"class_list":["post-4873","page","type-page","status-publish","hentry"],"_links":{"self":[{"href":"https:\/\/www.thelogo.be\/de\/wp-json\/wp\/v2\/pages\/4873","targetHints":{"allow":["GET"]}}],"collection":[{"href":"https:\/\/www.thelogo.be\/de\/wp-json\/wp\/v2\/pages"}],"about":[{"href":"https:\/\/www.thelogo.be\/de\/wp-json\/wp\/v2\/types\/page"}],"author":[{"embeddable":true,"href":"https:\/\/www.thelogo.be\/de\/wp-json\/wp\/v2\/users\/5"}],"replies":[{"embeddable":true,"href":"https:\/\/www.thelogo.be\/de\/wp-json\/wp\/v2\/comments?post=4873"}],"version-history":[{"count":9,"href":"https:\/\/www.thelogo.be\/de\/wp-json\/wp\/v2\/pages\/4873\/revisions"}],"predecessor-version":[{"id":7400,"href":"https:\/\/www.thelogo.be\/de\/wp-json\/wp\/v2\/pages\/4873\/revisions\/7400"}],"wp:attachment":[{"href":"https:\/\/www.thelogo.be\/de\/wp-json\/wp\/v2\/media?parent=4873"}],"curies":[{"name":"wp","href":"https:\/\/api.w.org\/{rel}","templated":true}]}}