{"id":4812,"date":"2021-03-16T21:41:13","date_gmt":"2021-03-16T21:41:13","guid":{"rendered":"https:\/\/www.thelogo.be\/privacy-policy\/"},"modified":"2022-05-04T08:30:06","modified_gmt":"2022-05-04T08:30:06","slug":"datenschutzerklaerung","status":"publish","type":"page","link":"https:\/\/www.thelogo.be\/de\/datenschutzerklaerung\/","title":{"rendered":"Datenschutzerkl\u00e4rung"},"content":{"rendered":"\n<div class=\"row row-collapse align-middle align-center\"  id=\"row-1186627971\">\n\n\n\t<div id=\"col-565101003\" class=\"col medium-10 small-11 large-10\"  >\n\t\t\t\t<div class=\"col-inner\"  >\n\t\t\t\n\t\t\t\n\n<p>&nbsp;<\/p>\n<p><strong>DIE LOGO-DATENSCHUTZERKL\u00c4RUNG<\/strong><\/p>\n<p>THE LOGO h\u00e4lt den Schutz der Privatsph\u00e4re und des Datenschutzes f\u00fcr sehr wichtig. Mit dieser Datenschutzerkl\u00e4rung (im Folgenden \u201eDatenschutzerkl\u00e4rung\u201c) m\u00f6chte THE LOGO Sie \u00fcber die Verarbeitung personenbezogener Daten informieren. THE LOGO verarbeitet die personenbezogenen Daten unter Wahrung Ihrer Privatsph\u00e4re und unter geb\u00fchrender Beachtung der geltenden Datenschutzbestimmungen. Diese Datenschutzerkl\u00e4rung wurde zuletzt ge\u00e4ndert am: 16\/03\/2021.<\/p>\n<p><strong>INHALT:<\/strong><\/p>\n<p>VERANTWORTLICH F\u00dcR DIE VERARBEITUNG?<\/p>\n<p>WELCHE PERS\u00d6NLICHEN DATEN WERDEN VOM LOGO VERARBEITET?<\/p>\n<p>Mit wem teilen wir Ihre pers\u00f6nlichen Daten?<\/p>\n<p>SICHERHEIT UND AUFBEWAHRUNG IHRER PERS\u00d6NLICHEN DATEN<\/p>\n<p>SIND IHRE PERS\u00d6NLICHEN DATEN F\u00dcR DAS AUTOMATISCHE PROFIL?<\/p>\n<p>WAS SIND IHRE RECHTE UND WIE K\u00d6NNEN SIE SIE \u00dcBEN?<\/p>\n<p>F\u00fcr wen gilt diese Datenschutzerkl\u00e4rung?<br>Diese Datenschutzerkl\u00e4rung gilt f\u00fcr alle Interessenten, Kunden, Lieferanten, Besucher der Website, Besucher der THE LOGO-B\u00fcros, Antragsteller und alle anderen Personen, die keine Mitarbeiter sind und von denen THE LOGO personenbezogene Daten verarbeitet.<\/p>\n<p><strong>VERANTWORTLICH F\u00dcR DIE VERARBEITUNG<\/strong><br>THE LOGO fungiert als Datenverantwortlicher bei der Verarbeitung personenbezogener Daten im Rahmen der Kunden- und Lieferantenverwaltung, der Registrierung von Besuchern in den B\u00fcros und der Bearbeitung von Bewerbungen.<\/p>\n<p><strong>Daten von THE LOGO sind:<\/strong><br>Adresse des Hauptsitzes: Avenue des Glycines 40, 1030 Br\u00fcssel. Telefonnummer: 0476.37.72.12<\/p>\n<p>Bei Contact Center-Diensten fungiert der Client von THE LOGO als Controller und THE LOGO als Prozessor. F\u00fcr diese Verarbeitungsvorg\u00e4nge verpflichtet sich THE LOGO, Daten nur auf Anweisung des Controllers zu verarbeiten. Diese Verarbeitungsvorg\u00e4nge fallen jedoch nicht in den Geltungsbereich dieser Datenschutzerkl\u00e4rung. Wenn Sie Ihre Rechte als betroffene Person aus\u00fcben m\u00f6chten, m\u00fcssen Sie sich immer an die f\u00fcr die Verarbeitung verantwortliche Person wenden.<\/p>\n<p><strong>SICHERHEIT UND AUFBEWAHRUNG IHRER PERS\u00d6NLICHEN DATEN<\/strong><br>THE LOGO erkennt an, dass die Sicherheit personenbezogener Daten Teil des Datenschutzes ist. Infolgedessen ergreift THE LOGO geeignete technische und organisatorische Ma\u00dfnahmen, um Ihre pers\u00f6nlichen Daten vor unbefugter Verarbeitung oder unbefugtem Zugriff zu sch\u00fctzen und Missbrauch zu verhindern. Bei jeder \u00dcbermittlung personenbezogener Daten an einen Verarbeiter au\u00dferhalb des Europ\u00e4ischen Wirtschaftsraums (EWR) tut THE LOGO dies immer in \u00dcbereinstimmung mit den Bedingungen dieser Datenschutzerkl\u00e4rung und THE LOGO befolgt die geltenden Datenschutzgesetze und -bestimmungen, um angemessene Schutzma\u00dfnahmen zu gew\u00e4hrleisten. THE LOGO speichert Ihre pers\u00f6nlichen Daten nur f\u00fcr den Mindestzeitraum, der zur Erf\u00fcllung der in dieser Datenschutzerkl\u00e4rung festgelegten Zwecke erforderlich ist. Es sei denn, bei der Beilegung von Streitigkeiten oder wenn eine l\u00e4ngere Aufbewahrungsfrist gesetzlich vorgeschrieben ist. Nicht personenbezogene Daten k\u00f6nnen zu statistischen Zwecken ohne Einschr\u00e4nkung gespeichert werden. &lt;\/ P&gt;<\/p>\n<p><strong>WAS SIND IHRE RECHTE UND WIE K\u00d6NNEN SIE SIE \u00dcBEN?<\/strong><\/p>\n<p><strong>WAS SIND IHRE RECHTE?<\/strong><br>Auskunftsrecht: Sie k\u00f6nnen uns fragen, welche Ihrer personenbezogenen Daten wir verarbeiten, wof\u00fcr wir sie verarbeiten, welche Kategorien personenbezogener Daten wir verarbeiten, mit welchen Kategorien von Dritten wir Ihre personenbezogenen Daten teilen, woher die verarbeiteten Daten stammen und &#8211; falls zutreffend &#8211; welche Logik wir bei der automatischen Verarbeitung personenbezogener Daten verwenden.<\/p>\n<p>Recht auf Berichtigung: Wenn die Informationen falsch sind, k\u00f6nnen Sie uns bitten, sie zu korrigieren.<\/p>\n<p>Recht zum L\u00f6schen Ihrer Daten: Wenn Daten nicht rechtm\u00e4\u00dfig verarbeitet werden oder wenn Ihre Daten f\u00fcr den Zweck, f\u00fcr den sie erhoben wurden, nicht mehr ben\u00f6tigt werden, k\u00f6nnen Sie uns bitten, Ihre Daten zu l\u00f6schen.<\/p>\n<p>Recht auf Einschr\u00e4nkung der Verarbeitung: Durch die Einschr\u00e4nkung der Verarbeitung Ihrer pers\u00f6nlichen Daten k\u00f6nnen Ihre pers\u00f6nlichen Daten weiterhin aufbewahrt werden, ihre Verwendung ist jedoch begrenzt. Wenn Sie eine Verarbeitungsbeschr\u00e4nkung beantragt haben, d\u00fcrfen wir nur Ihre Daten speichern. Dies bedeutet, dass mit Ihren Daten keine weiteren Transaktionen durchgef\u00fchrt werden k\u00f6nnen.<br>Widerspruchsrecht: Sie haben das Recht, der Tatsache zu widersprechen, dass Ihre Daten verarbeitet werden, wenn diese Verarbeitung auf einem allgemeinen Interesse oder dem berechtigten Interesse der Person beruht, die Ihre Daten verarbeitet. Dar\u00fcber hinaus k\u00f6nnen Sie von diesem Widerspruchsrecht Gebrauch machen, wenn Ihre personenbezogenen Daten f\u00fcr Direktmarketingzwecke verarbeitet werden. Dieses Widerspruchsrecht gilt auch f\u00fcr die Profilerstellung, die die Grundlage f\u00fcr die Verarbeitung f\u00fcr Direktmarketingzwecke bildet.<\/p>\n<p>Recht auf Daten\u00fcbertragbarkeit: Sie haben das Recht, die von Ihnen bereitgestellten personenbezogenen Daten in einer allgemein verwendeten, strukturierten und maschinenlesbaren Form zu erhalten, und Sie haben das Recht, diese personenbezogenen Daten an einen anderen f\u00fcr die Verarbeitung Verantwortlichen zu \u00fcbertragen, wenn die Verarbeitung aus rechtlichen Gr\u00fcnden erfolgt Zustimmung oder Vertragsverh\u00e4ltnis.<\/p>\n<p><strong>WIE K\u00d6NNEN SIE IHRE RECHTE AUS\u00dcBEN?<\/strong><\/p>\n<p>Sie k\u00f6nnen Ihre Rechte aus\u00fcben, indem Sie eine E-Mail an info@thelogo.be senden. Um eine unbefugte Weitergabe Ihrer pers\u00f6nlichen Daten zu verhindern, fordert THE LOGO m\u00f6glicherweise weitere Informationen an, um Ihre Identit\u00e4t zu \u00fcberpr\u00fcfen. THE LOGO hat einen Monat Zeit, um Ihre Anfrage zu beantworten. Diese Frist beginnt, wenn THE LOGO Ihre Bewerbung erhalten hat und \u00fcber alle Informationen verf\u00fcgt, die zur Erf\u00fcllung Ihrer Bewerbung erforderlich sind. DAS LOGO stellt die angeforderten Informationen kostenlos zur Verf\u00fcgung. Wenn Anfragen unbegr\u00fcndet oder \u00fcberm\u00e4\u00dfig sind, insbesondere aufgrund ihrer Wiederholung, kann THE LOGO eine angemessene Geb\u00fchr erheben oder THE LOGO kann die Anfrage ablehnen. Wenn Sie aus irgendeinem Grund der Meinung sind, dass THE LOGO Ihre Bewerbung nicht korrekt bearbeitet hat, k\u00f6nnen Sie sich \u00fcber info@thelogo.be an den Datenschutzbeauftragten von THE LOGO wenden. Danach wird er gemeinsam mit Ihnen nach einer L\u00f6sung suchen. Der Vollst\u00e4ndigkeit halber teilen wir Ihnen mit, dass Sie immer das Recht haben, eine Beschwerde bei der Kommission zum Schutz der Privatsph\u00e4re einzureichen, wenn THE LOGO nicht auf Ihre Anfrage reagiert, diese ablehnt oder wenn unsere Antwort nicht Ihren Erwartungen entspricht ( Datenschutzkommission), Drukpersstraat 35, 1000 Br\u00fcssel oder \u00fcber Commission@privacycommission.be.<\/p>\n\n\t\t<\/div>\n\t\t\t\t\t<\/div>\n\n\t\n\n<\/div>\n","protected":false},"excerpt":{"rendered":"","protected":false},"author":5,"featured_media":0,"parent":0,"menu_order":0,"comment_status":"closed","ping_status":"open","template":"","meta":{"footnotes":""},"class_list":["post-4812","page","type-page","status-publish","hentry"],"_links":{"self":[{"href":"https:\/\/www.thelogo.be\/de\/wp-json\/wp\/v2\/pages\/4812","targetHints":{"allow":["GET"]}}],"collection":[{"href":"https:\/\/www.thelogo.be\/de\/wp-json\/wp\/v2\/pages"}],"about":[{"href":"https:\/\/www.thelogo.be\/de\/wp-json\/wp\/v2\/types\/page"}],"author":[{"embeddable":true,"href":"https:\/\/www.thelogo.be\/de\/wp-json\/wp\/v2\/users\/5"}],"replies":[{"embeddable":true,"href":"https:\/\/www.thelogo.be\/de\/wp-json\/wp\/v2\/comments?post=4812"}],"version-history":[{"count":8,"href":"https:\/\/www.thelogo.be\/de\/wp-json\/wp\/v2\/pages\/4812\/revisions"}],"predecessor-version":[{"id":7398,"href":"https:\/\/www.thelogo.be\/de\/wp-json\/wp\/v2\/pages\/4812\/revisions\/7398"}],"wp:attachment":[{"href":"https:\/\/www.thelogo.be\/de\/wp-json\/wp\/v2\/media?parent=4812"}],"curies":[{"name":"wp","href":"https:\/\/api.w.org\/{rel}","templated":true}]}}